{"id":110,"date":"2020-04-02T11:48:35","date_gmt":"2020-04-02T11:48:35","guid":{"rendered":"https:\/\/madeinyou.crm.habber.com\/?page_id=110"},"modified":"2020-06-11T17:11:47","modified_gmt":"2020-06-11T17:11:47","slug":"eventos","status":"publish","type":"page","link":"https:\/\/madeinyou.crm.habber.com\/pt\/eventos\/","title":{"rendered":"EVENTOS"},"content":{"rendered":"<div class=\"wpb-content-wrapper\"><p>[vc_row css_animation=&#8221;element_from_fade&#8221; row_type=&#8221;row&#8221; use_row_as_full_screen_section=&#8221;yes&#8221; type=&#8221;full_width&#8221; angled_section=&#8221;no&#8221; text_align=&#8221;left&#8221; background_image_as_pattern=&#8221;without_pattern&#8221; background_color=&#8221;#dce8e3&#8243; z_index=&#8221;&#8221;][vc_column]<div class='blog_slider_holder clearfix '><div class='blog_slider blog_slider_carousel' data-auto_start='false'><ul class='blog_slides'><li class='item'><div class=\"item_holder\"><div class=\"blog_text_holder \" style=\"background-color:rgba(0,97,104,0.9);\"><div class=\"blog_text_holder_outer\"><div class=\"blog_text_holder_inner\"><h2 itemprop=\"name\" class=\"blog_slider_title entry_title\" ><a itemprop=\"url\" href=\"https:\/\/madeinyou.crm.habber.com\/pt\/ibmclouddataaiandsecurity\/\" >WEBINAR. O futuro da automa\u00e7\u00e3o digital de neg\u00f3cios digitais.<\/a><\/h2><\/div><\/div><\/div><div class=\"blog_image_holder\"><span class=\"image\"><img loading=\"lazy\" decoding=\"async\" src=\"https:\/\/madeinyou.crm.habber.com\/wp-content\/uploads\/2020\/06\/Dise\u00f1o-sin-t\u00edtulo-10-1300x400.png\" alt=\"\" width=\"1300\" height=\"400\" \/><\/span><\/div><\/div><\/li><\/ul><\/div><\/div>[\/vc_column][\/vc_row][vc_row css_animation=&#8221;element_from_fade&#8221; row_type=&#8221;row&#8221; use_row_as_full_screen_section=&#8221;yes&#8221; type=&#8221;full_width&#8221; angled_section=&#8221;no&#8221; text_align=&#8221;left&#8221; background_image_as_pattern=&#8221;without_pattern&#8221; background_color=&#8221;#dce8e3&#8243; padding_top=&#8221;40&#8243; padding_bottom=&#8221;40&#8243; z_index=&#8221;&#8221;][vc_column][vc_column_text css=&#8221;.vc_custom_1589968218095{padding-bottom: 40px !important;}&#8221;]<\/p>\n<h2 style=\"text-align: center; color: #65908c;\">EVENTOS<\/h2>\n<p>[\/vc_column_text]<div class='q_masonry_blog'><div class=\"q_masonry_blog_grid_sizer\"><\/div><div class=\"q_masonry_blog_grid_gutter\"><\/div><article  class='post-646 post type-post status-publish format-standard has-post-thumbnail hentry category-eventos-portugal '><div class=\"q_masonry_blog_post_image\"><a itemprop=\"url\" href=\"https:\/\/madeinyou.crm.habber.com\/pt\/a-habber-tec-portugal-esteve-presente-no-sas-forum-2019\/\" target=\"_self\"><img decoding=\"async\" itemprop=\"image\" src=\"https:\/\/madeinyou.crm.habber.com\/wp-content\/uploads\/2020\/04\/pexels-photo-208722-e1587889948181.jpg\" \/><\/a><\/div><div class=\"q_masonry_blog_post_text\"><h3 itemprop=\"name\" class=\"q_masonry_blog_title entry_title\"><a itemprop=\"url\" href=\"https:\/\/madeinyou.crm.habber.com\/pt\/a-habber-tec-portugal-esteve-presente-no-sas-forum-2019\/\">A Habber Tec Portugal esteve presente no SAS F\u00f3rum 2019<\/a><\/h3><p itemprop=\"description\" class=\"q_masonry_blog_excerpt\">[vc_row css_animation=&#8221;&#8221; row_type=&#8221;row&#8221; use_row_as_full_screen_section=&#8221;no&#8221; type=&#8221;full_width&#8221; angled_section=&#8221;no&#8221; text_align=&#8221;left&#82...<\/p><div class=\"q_masonry_blog_post_info\"><span itemprop=\"dateCreated\" class=\"time entry_date updated\">27 June, 2019<meta itemprop=\"interactionCount\" content=\"UserComments: <?php echo get_comments_number(qode_get_page_id()); ?>\"\/><\/span><\/div><\/div><\/article><article  class='post-656 post type-post status-publish format-standard has-post-thumbnail hentry category-eventos-portugal '><div class=\"q_masonry_blog_post_image\"><a itemprop=\"url\" href=\"https:\/\/madeinyou.crm.habber.com\/pt\/emocoes-na-experiencia-digital\/\" target=\"_self\"><img decoding=\"async\" itemprop=\"image\" src=\"https:\/\/madeinyou.crm.habber.com\/wp-content\/uploads\/2018\/10\/mulher.jpg\" \/><\/a><\/div><div class=\"q_masonry_blog_post_text\"><h3 itemprop=\"name\" class=\"q_masonry_blog_title entry_title\"><a itemprop=\"url\" href=\"https:\/\/madeinyou.crm.habber.com\/pt\/emocoes-na-experiencia-digital\/\">Emo\u00e7\u00f5es na experi\u00eancia digital<\/a><\/h3><p itemprop=\"description\" class=\"q_masonry_blog_excerpt\">[vc_row css_animation=&#8221;&#8221; row_type=&#8221;row&#8221; use_row_as_full_screen_section=&#8221;no&#8221; type=&#8221;full_width&#8221; angled_section=&#8221;no&#8221; text_align=&#8221;left&#82...<\/p><div class=\"q_masonry_blog_post_info\"><span itemprop=\"dateCreated\" class=\"time entry_date updated\">03 October, 2018<meta itemprop=\"interactionCount\" content=\"UserComments: <?php echo get_comments_number(qode_get_page_id()); ?>\"\/><\/span><\/div><\/div><\/article><article  class='post-653 post type-post status-publish format-standard has-post-thumbnail hentry category-eventos-portugal '><div class=\"q_masonry_blog_post_image\"><a itemprop=\"url\" href=\"https:\/\/madeinyou.crm.habber.com\/pt\/infra-estrutura-digital-para-pesquisa-di4r\/\" target=\"_self\"><img decoding=\"async\" itemprop=\"image\" src=\"https:\/\/madeinyou.crm.habber.com\/wp-content\/uploads\/2018\/10\/xandtor-453169-unsplash.jpg\" \/><\/a><\/div><div class=\"q_masonry_blog_post_text\"><h3 itemprop=\"name\" class=\"q_masonry_blog_title entry_title\"><a itemprop=\"url\" href=\"https:\/\/madeinyou.crm.habber.com\/pt\/infra-estrutura-digital-para-pesquisa-di4r\/\">Infra-estrutura digital para pesquisa (DI4R)<\/a><\/h3><p itemprop=\"description\" class=\"q_masonry_blog_excerpt\">[vc_row css_animation=&#8221;&#8221; row_type=&#8221;row&#8221; use_row_as_full_screen_section=&#8221;no&#8221; type=&#8221;full_width&#8221; angled_section=&#8221;no&#8221; text_align=&#8221;left&#82...<\/p><div class=\"q_masonry_blog_post_info\"><span itemprop=\"dateCreated\" class=\"time entry_date updated\">03 October, 2018<meta itemprop=\"interactionCount\" content=\"UserComments: <?php echo get_comments_number(qode_get_page_id()); ?>\"\/><\/span><\/div><\/div><\/article><\/div>[\/vc_column][\/vc_row]<\/p>\n<\/div>","protected":false},"excerpt":{"rendered":"<p>[vc_row css_animation=&#8221;element_from_fade&#8221; row_type=&#8221;row&#8221; use_row_as_full_screen_section=&#8221;yes&#8221; type=&#8221;full_width&#8221; angled_section=&#8221;no&#8221; text_align=&#8221;left&#8221; background_image_as_pattern=&#8221;without_pattern&#8221; background_color=&#8221;#dce8e3&#8243; z_index=&#8221;&#8221;][vc_column][\/vc_column][\/vc_row][vc_row css_animation=&#8221;element_from_fade&#8221; row_type=&#8221;row&#8221; use_row_as_full_screen_section=&#8221;yes&#8221; type=&#8221;full_width&#8221; angled_section=&#8221;no&#8221; text_align=&#8221;left&#8221; background_image_as_pattern=&#8221;without_pattern&#8221; background_color=&#8221;#dce8e3&#8243; padding_top=&#8221;40&#8243; padding_bottom=&#8221;40&#8243; z_index=&#8221;&#8221;][vc_column][vc_column_text css=&#8221;.vc_custom_1589968218095{padding-bottom: 40px !important;}&#8221;] EVENTOS [\/vc_column_text][\/vc_column][\/vc_row]<\/p>\n","protected":false},"author":1,"featured_media":0,"parent":0,"menu_order":0,"comment_status":"closed","ping_status":"closed","template":"full_width.php","meta":{"footnotes":""},"class_list":["post-110","page","type-page","status-publish","hentry"],"yoast_head":"<!-- This site is optimized with the Yoast SEO plugin v26.9 - https:\/\/yoast.com\/product\/yoast-seo-wordpress\/ -->\n<title>EVENTOS - Habber Tec<\/title>\n<meta name=\"robots\" content=\"index, follow, max-snippet:-1, max-image-preview:large, max-video-preview:-1\" \/>\n<link rel=\"canonical\" href=\"https:\/\/madeinyou.crm.habber.com\/eventos\/\" \/>\n<meta property=\"og:locale\" content=\"pt_PT\" \/>\n<meta property=\"og:type\" content=\"article\" \/>\n<meta property=\"og:title\" content=\"EVENTOS - Habber Tec\" \/>\n<meta property=\"og:description\" content=\"[vc_row css_animation=&#8221;element_from_fade&#8221; row_type=&#8221;row&#8221; use_row_as_full_screen_section=&#8221;yes&#8221; type=&#8221;full_width&#8221; angled_section=&#8221;no&#8221; text_align=&#8221;left&#8221; background_image_as_pattern=&#8221;without_pattern&#8221; background_color=&#8221;#dce8e3&#8243; z_index=&#8221;&#8221;][vc_column][\/vc_column][\/vc_row][vc_row css_animation=&#8221;element_from_fade&#8221; row_type=&#8221;row&#8221; use_row_as_full_screen_section=&#8221;yes&#8221; type=&#8221;full_width&#8221; angled_section=&#8221;no&#8221; text_align=&#8221;left&#8221; background_image_as_pattern=&#8221;without_pattern&#8221; background_color=&#8221;#dce8e3&#8243; padding_top=&#8221;40&#8243; padding_bottom=&#8221;40&#8243; z_index=&#8221;&#8221;][vc_column][vc_column_text css=&#8221;.vc_custom_1589968218095{padding-bottom: 40px !important;}&#8221;] EVENTOS [\/vc_column_text][\/vc_column][\/vc_row]\" \/>\n<meta property=\"og:url\" content=\"https:\/\/madeinyou.crm.habber.com\/eventos\/\" \/>\n<meta property=\"og:site_name\" content=\"Habber Tec\" \/>\n<meta property=\"article:modified_time\" content=\"2020-06-11T17:11:47+00:00\" \/>\n<meta name=\"twitter:card\" content=\"summary_large_image\" \/>\n<meta name=\"twitter:label1\" content=\"Tempo estimado de leitura\" \/>\n\t<meta name=\"twitter:data1\" content=\"1 minuto\" \/>\n<script type=\"application\/ld+json\" class=\"yoast-schema-graph\">{\"@context\":\"https:\/\/schema.org\",\"@graph\":[{\"@type\":\"WebPage\",\"@id\":\"https:\/\/madeinyou.crm.habber.com\/eventos\/\",\"url\":\"https:\/\/madeinyou.crm.habber.com\/eventos\/\",\"name\":\"EVENTOS - Habber Tec\",\"isPartOf\":{\"@id\":\"https:\/\/madeinyou.crm.habber.com\/#website\"},\"datePublished\":\"2020-04-02T11:48:35+00:00\",\"dateModified\":\"2020-06-11T17:11:47+00:00\",\"breadcrumb\":{\"@id\":\"https:\/\/madeinyou.crm.habber.com\/eventos\/#breadcrumb\"},\"inLanguage\":\"pt-PT\",\"potentialAction\":[{\"@type\":\"ReadAction\",\"target\":[\"https:\/\/madeinyou.crm.habber.com\/eventos\/\"]}]},{\"@type\":\"BreadcrumbList\",\"@id\":\"https:\/\/madeinyou.crm.habber.com\/eventos\/#breadcrumb\",\"itemListElement\":[{\"@type\":\"ListItem\",\"position\":1,\"name\":\"Portada\",\"item\":\"https:\/\/madeinyou.crm.habber.com\/\"},{\"@type\":\"ListItem\",\"position\":2,\"name\":\"EVENTOS\"}]},{\"@type\":\"WebSite\",\"@id\":\"https:\/\/madeinyou.crm.habber.com\/#website\",\"url\":\"https:\/\/madeinyou.crm.habber.com\/\",\"name\":\"Habber Tec\",\"description\":\"Spirit of innovation\",\"potentialAction\":[{\"@type\":\"SearchAction\",\"target\":{\"@type\":\"EntryPoint\",\"urlTemplate\":\"https:\/\/madeinyou.crm.habber.com\/?s={search_term_string}\"},\"query-input\":{\"@type\":\"PropertyValueSpecification\",\"valueRequired\":true,\"valueName\":\"search_term_string\"}}],\"inLanguage\":\"pt-PT\"}]}<\/script>\n<!-- \/ Yoast SEO plugin. -->","yoast_head_json":{"title":"EVENTOS - Habber Tec","robots":{"index":"index","follow":"follow","max-snippet":"max-snippet:-1","max-image-preview":"max-image-preview:large","max-video-preview":"max-video-preview:-1"},"canonical":"https:\/\/madeinyou.crm.habber.com\/eventos\/","og_locale":"pt_PT","og_type":"article","og_title":"EVENTOS - Habber Tec","og_description":"[vc_row css_animation=&#8221;element_from_fade&#8221; row_type=&#8221;row&#8221; use_row_as_full_screen_section=&#8221;yes&#8221; type=&#8221;full_width&#8221; angled_section=&#8221;no&#8221; text_align=&#8221;left&#8221; background_image_as_pattern=&#8221;without_pattern&#8221; background_color=&#8221;#dce8e3&#8243; z_index=&#8221;&#8221;][vc_column][\/vc_column][\/vc_row][vc_row css_animation=&#8221;element_from_fade&#8221; row_type=&#8221;row&#8221; use_row_as_full_screen_section=&#8221;yes&#8221; type=&#8221;full_width&#8221; angled_section=&#8221;no&#8221; text_align=&#8221;left&#8221; background_image_as_pattern=&#8221;without_pattern&#8221; background_color=&#8221;#dce8e3&#8243; padding_top=&#8221;40&#8243; padding_bottom=&#8221;40&#8243; z_index=&#8221;&#8221;][vc_column][vc_column_text css=&#8221;.vc_custom_1589968218095{padding-bottom: 40px !important;}&#8221;] EVENTOS [\/vc_column_text][\/vc_column][\/vc_row]","og_url":"https:\/\/madeinyou.crm.habber.com\/eventos\/","og_site_name":"Habber Tec","article_modified_time":"2020-06-11T17:11:47+00:00","twitter_card":"summary_large_image","twitter_misc":{"Tempo estimado de leitura":"1 minuto"},"schema":{"@context":"https:\/\/schema.org","@graph":[{"@type":"WebPage","@id":"https:\/\/madeinyou.crm.habber.com\/eventos\/","url":"https:\/\/madeinyou.crm.habber.com\/eventos\/","name":"EVENTOS - Habber Tec","isPartOf":{"@id":"https:\/\/madeinyou.crm.habber.com\/#website"},"datePublished":"2020-04-02T11:48:35+00:00","dateModified":"2020-06-11T17:11:47+00:00","breadcrumb":{"@id":"https:\/\/madeinyou.crm.habber.com\/eventos\/#breadcrumb"},"inLanguage":"pt-PT","potentialAction":[{"@type":"ReadAction","target":["https:\/\/madeinyou.crm.habber.com\/eventos\/"]}]},{"@type":"BreadcrumbList","@id":"https:\/\/madeinyou.crm.habber.com\/eventos\/#breadcrumb","itemListElement":[{"@type":"ListItem","position":1,"name":"Portada","item":"https:\/\/madeinyou.crm.habber.com\/"},{"@type":"ListItem","position":2,"name":"EVENTOS"}]},{"@type":"WebSite","@id":"https:\/\/madeinyou.crm.habber.com\/#website","url":"https:\/\/madeinyou.crm.habber.com\/","name":"Habber Tec","description":"Spirit of innovation","potentialAction":[{"@type":"SearchAction","target":{"@type":"EntryPoint","urlTemplate":"https:\/\/madeinyou.crm.habber.com\/?s={search_term_string}"},"query-input":{"@type":"PropertyValueSpecification","valueRequired":true,"valueName":"search_term_string"}}],"inLanguage":"pt-PT"}]}},"_links":{"self":[{"href":"https:\/\/madeinyou.crm.habber.com\/pt\/wp-json\/wp\/v2\/pages\/110","targetHints":{"allow":["GET"]}}],"collection":[{"href":"https:\/\/madeinyou.crm.habber.com\/pt\/wp-json\/wp\/v2\/pages"}],"about":[{"href":"https:\/\/madeinyou.crm.habber.com\/pt\/wp-json\/wp\/v2\/types\/page"}],"author":[{"embeddable":true,"href":"https:\/\/madeinyou.crm.habber.com\/pt\/wp-json\/wp\/v2\/users\/1"}],"replies":[{"embeddable":true,"href":"https:\/\/madeinyou.crm.habber.com\/pt\/wp-json\/wp\/v2\/comments?post=110"}],"version-history":[{"count":27,"href":"https:\/\/madeinyou.crm.habber.com\/pt\/wp-json\/wp\/v2\/pages\/110\/revisions"}],"predecessor-version":[{"id":1855,"href":"https:\/\/madeinyou.crm.habber.com\/pt\/wp-json\/wp\/v2\/pages\/110\/revisions\/1855"}],"wp:attachment":[{"href":"https:\/\/madeinyou.crm.habber.com\/pt\/wp-json\/wp\/v2\/media?parent=110"}],"curies":[{"name":"wp","href":"https:\/\/api.w.org\/{rel}","templated":true}]}}