{"id":155,"date":"2020-04-04T10:03:02","date_gmt":"2020-04-04T10:03:02","guid":{"rendered":"https:\/\/madeinyou.crm.habber.com\/?page_id=155"},"modified":"2020-06-05T20:50:56","modified_gmt":"2020-06-05T20:50:56","slug":"contacto","status":"publish","type":"page","link":"https:\/\/madeinyou.crm.habber.com\/pt\/contacto\/","title":{"rendered":"CONTATO"},"content":{"rendered":"<div class=\"wpb-content-wrapper\"><p>[vc_row css_animation=&#8221;&#8221; row_type=&#8221;row&#8221; use_row_as_full_screen_section=&#8221;no&#8221; type=&#8221;full_width&#8221; angled_section=&#8221;no&#8221; text_align=&#8221;left&#8221; background_image_as_pattern=&#8221;without_pattern&#8221;][vc_column][vc_column_text]\n\t\t\t<!-- START CONTACTO_PT REVOLUTION SLIDER 6.2.10 --><p class=\"rs-p-wp-fix\"><\/p>\n\t\t\t<rs-module-wrap id=\"rev_slider_19_1_wrapper\" data-source=\"gallery\" style=\"background:#000000;padding:0;margin:0px auto;margin-top:0;margin-bottom:0;\">\n\t\t\t\t<rs-module id=\"rev_slider_19_1\" style=\"\" data-version=\"6.2.10\">\n\t\t\t\t\t<rs-slides>\n\t\t\t\t\t\t<rs-slide data-key=\"rs-29\" data-title=\"Slide\" data-anim=\"ei:d;eo:d;s:600;r:0;t:fade;sl:d;\">\n\t\t\t\t\t\t\t<img decoding=\"async\" src=\"\/\/madeinyou.crm.habber.com\/wp-content\/uploads\/2020\/04\/Contacto-Habber.png\" title=\"CONTATO\" class=\"rev-slidebg\" data-no-retina>\n<!--\n\t\t\t\t\t\t\t--><rs-layer\n\t\t\t\t\t\t\t\tid=\"slider-19-slide-29-layer-0\" \n\t\t\t\t\t\t\t\tdata-type=\"text\"\n\t\t\t\t\t\t\t\tdata-color=\"#ffffff\"\n\t\t\t\t\t\t\t\tdata-rsp_ch=\"on\"\n\t\t\t\t\t\t\t\tdata-xy=\"x:c;y:c;yo:26px;\"\n\t\t\t\t\t\t\t\tdata-text=\"w:normal;s:28;\"\n\t\t\t\t\t\t\t\tdata-frame_1=\"st:2990;sR:2990;\"\n\t\t\t\t\t\t\t\tdata-frame_999=\"o:0;st:w;sR:5710;\"\n\t\t\t\t\t\t\t\tstyle=\"z-index:8;font-family:Arial, Helvetica, sans-serif;\"\n\t\t\t\t\t\t\t>Usamos a tecnolog\u00eda para estarmos mais pr\u00f3ximos de si. \n\t\t\t\t\t\t\t<\/rs-layer><!--\n\n\t\t\t\t\t\t\t--><rs-layer\n\t\t\t\t\t\t\t\tid=\"slider-19-slide-29-layer-1\" \n\t\t\t\t\t\t\t\tdata-type=\"text\"\n\t\t\t\t\t\t\t\tdata-color=\"#ffffff\"\n\t\t\t\t\t\t\t\tdata-rsp_ch=\"on\"\n\t\t\t\t\t\t\t\tdata-xy=\"x:c;y:c;yo:-6px;\"\n\t\t\t\t\t\t\t\tdata-text=\"w:normal;s:28;\"\n\t\t\t\t\t\t\t\tdata-frame_1=\"st:1120;sR:1120;\"\n\t\t\t\t\t\t\t\tdata-frame_999=\"o:0;st:w;sR:7580;\"\n\t\t\t\t\t\t\t\tstyle=\"z-index:9;font-family:Arial, Helvetica, sans-serif;\"\n\t\t\t\t\t\t\t>As pessoas s\u00e3o a chave da transforma\u00e7\u00e3o digital.  \n\t\t\t\t\t\t\t<\/rs-layer><!--\n-->\t\t\t\t\t\t<\/rs-slide>\n\t\t\t\t\t<\/rs-slides>\n\t\t\t\t<\/rs-module>\n\t\t\t\t<script type=\"text\/javascript\">\n\t\t\t\t\tsetREVStartSize({c: 'rev_slider_19_1',rl:[1240,1024,778,480],el:[500],gw:[1200],gh:[500],type:'standard',justify:'',layout:'fullwidth',mh:\"0\"});\n\t\t\t\t\tvar\trevapi19,\n\t\t\t\t\t\ttpj;\n\t\t\t\t\tjQuery(function() {\n\t\t\t\t\t\ttpj = jQuery;\n\t\t\t\t\t\trevapi19 = tpj(\"#rev_slider_19_1\")\n\t\t\t\t\t\tif(revapi19==undefined || revapi19.revolution == undefined){\n\t\t\t\t\t\t\trevslider_showDoubleJqueryError(\"rev_slider_19_1\");\n\t\t\t\t\t\t}else{\n\t\t\t\t\t\t\trevapi19.revolution({\n\t\t\t\t\t\t\t\tsliderLayout:\"fullwidth\",\n\t\t\t\t\t\t\t\tvisibilityLevels:\"1240,1024,778,480\",\n\t\t\t\t\t\t\t\tgridwidth:1200,\n\t\t\t\t\t\t\t\tgridheight:500,\n\t\t\t\t\t\t\t\tperspective:600,\n\t\t\t\t\t\t\t\tperspectiveType:\"local\",\n\t\t\t\t\t\t\t\teditorheight:\"500,768,960,720\",\n\t\t\t\t\t\t\t\tresponsiveLevels:\"1240,1024,778,480\",\n\t\t\t\t\t\t\t\tprogressBar:{disableProgressBar:true},\n\t\t\t\t\t\t\t\tnavigation: {\n\t\t\t\t\t\t\t\t\tonHoverStop:false\n\t\t\t\t\t\t\t\t},\n\t\t\t\t\t\t\t\tfallbacks: {\n\t\t\t\t\t\t\t\t\tallowHTML5AutoPlayOnAndroid:true\n\t\t\t\t\t\t\t\t},\n\t\t\t\t\t\t\t});\n\t\t\t\t\t\t}\n\t\t\t\t\t\t\n\t\t\t\t\t});\n\t\t\t\t<\/script>\n\t\t\t<\/rs-module-wrap>\n\t\t\t<!-- END REVOLUTION SLIDER -->\n[\/vc_column_text][\/vc_column][\/vc_row][vc_row css_animation=&#8221;&#8221; row_type=&#8221;row&#8221; use_row_as_full_screen_section=&#8221;no&#8221; type=&#8221;full_width&#8221; angled_section=&#8221;no&#8221; text_align=&#8221;left&#8221; background_image_as_pattern=&#8221;without_pattern&#8221; background_color=&#8221;#186e62&#8243; padding_top=&#8221;40&#8243; padding_bottom=&#8221;40&#8243; z_index=&#8221;&#8221;][vc_column][vc_column_text]<\/p>\n<h5 style=\"text-align: center; color: white;\"><span lang=\"PT\">A Habber Tec esteve presente ao longo de sua hist\u00f3ria em tr\u00eas continentes.<br \/>\nAtualmente, temos escrit\u00f3rios na Europa e na \u00c1frica.<\/span><\/h5>\n<p>[\/vc_column_text][\/vc_column][\/vc_row][vc_row css_animation=&#8221;&#8221; row_type=&#8221;row&#8221; use_row_as_full_screen_section=&#8221;no&#8221; type=&#8221;grid&#8221; angled_section=&#8221;no&#8221; text_align=&#8221;left&#8221; background_image_as_pattern=&#8221;without_pattern&#8221; background_color=&#8221;#f9f9f9&#8243; padding_top=&#8221;40&#8243; padding_bottom=&#8221;40&#8243; z_index=&#8221;&#8221;][vc_column width=&#8221;1\/4&#8243;][vc_column_text]<\/p>\n<h2>ESPANHA<\/h2>\n<p>[\/vc_column_text][vc_column_text]<span class=\"offices-item-address\">Caleruega, 81<br \/>\n28033 Madrid\u00a0<a href=\"https:\/\/goo.gl\/maps\/vtoo9X9vVw42\" target=\"_blank\" rel=\"noopener noreferrer\">(Ver mapa)<\/a><\/span><br \/>\n<span class=\"offices-item-phone\">T:\u00a0+34 911 255 303<\/span><br \/>\n<span class=\"offices-item-phone\">F:\u00a0+34 911 151 553<\/span><br \/>\n<span class=\"offices-item-email\"><a href=\"mailto:info.es@habber.com\">info.es@habber.com<\/a><\/span>[\/vc_column_text][\/vc_column][vc_column width=&#8221;1\/4&#8243;][vc_column_text]<\/p>\n<h2>ESPANHA<\/h2>\n<p>[\/vc_column_text][vc_column_text]Mare de D\u00e9u de N\u00faria, 8<br \/>\n08017 Barcelona\u00a0<a href=\"https:\/\/goo.gl\/maps\/EWfF5cjtf9uRq1wd7\">(Ver mapa)<\/a><br \/>\nT:\u00a0+34 911 255 303<br \/>\nF:\u00a0+34 911 151 553<br \/>\n<a href=\"mailto:info.es@habber.com\">info.es@habber.com<\/a>[\/vc_column_text][\/vc_column][vc_column width=&#8221;1\/4&#8243;][vc_column_text]<\/p>\n<h2>PORTUGAL<\/h2>\n<p>[\/vc_column_text][vc_column_text]Av. Miguel Bombarda, 36<br \/>\n1050-165 Lisboa\u00a0<a href=\"https:\/\/goo.gl\/maps\/XeAJF1zvRm92\" target=\"_blank\" rel=\"noopener noreferrer\">(Ver mapa)<\/a><br \/>\n<span class=\"offices-item-phone\">T:\u00a0+351 216 064 486<\/span><br \/>\n<span class=\"offices-item-phone\">M:\u00a0+351 932 770 654<\/span><br \/>\n<span class=\"offices-item-email\"><a href=\"mailto:info.pt@habber.com\">info.pt@habber.com<\/a><\/span>[\/vc_column_text][\/vc_column][vc_column width=&#8221;1\/4&#8243;][vc_column_text]<\/p>\n<h2>MO\u00c7AMBIQUE<\/h2>\n<p>[\/vc_column_text][vc_column_text]<span class=\"offices-item-address\">Francia, 303<br \/>\nMaputo <a href=\"https:\/\/goo.gl\/maps\/iiwtcfCTCdA1R5Es6\" target=\"_blank\" rel=\"noopener noreferrer\">(Ver mapa)<\/a><\/span><br \/>\n<span class=\"offices-item-phone\">T:\u00a0+258 84 957 6534<\/span><br \/>\n<span class=\"offices-item-email\"><a href=\"mailto:info.mz@habber.com\">info.mz@habber.com<\/a><\/span>[\/vc_column_text][\/vc_column][\/vc_row][vc_row css_animation=&#8221;&#8221; row_type=&#8221;row&#8221; use_row_as_full_screen_section=&#8221;no&#8221; type=&#8221;grid&#8221; angled_section=&#8221;no&#8221; text_align=&#8221;left&#8221; background_image_as_pattern=&#8221;without_pattern&#8221; padding_top=&#8221;40&#8243; padding_bottom=&#8221;40&#8243; z_index=&#8221;&#8221;][vc_column width=&#8221;1\/4&#8243;][vc_single_image image=&#8221;36&#8243; img_size=&#8221;50X50&#8243; qode_css_animation=&#8221;&#8221; css=&#8221;.vc_custom_1591217468025{padding-bottom: 40px !important;}&#8221;][vc_column_text]Se quiser entrar em contato conosco ou estiver interessado em nossos servi\u00e7os, preencha o formul\u00e1rio a seguir, entraremos em contato o mais breve poss\u00edvel.[\/vc_column_text][\/vc_column][vc_column width=&#8221;3\/4&#8243;][vc_column_text css=&#8221;.vc_custom_1591219233684{padding-top: 20px !important;}&#8221;]<div class='fluentform ff-default fluentform_wrapper_9 ffs_custom_wrap'><form data-form_id=\"9\" id=\"fluentform_9\" class=\"frm-fluent-form fluent_form_9 ff-el-form-top ff_form_instance_9_1 ff-form-loading ffs_custom\" data-form_instance=\"ff_form_instance_9_1\" method=\"POST\" ><fieldset  style=\"border: none!important;margin: 0!important;padding: 0!important;background-color: transparent!important;box-shadow: none!important;outline: none!important; min-inline-size: 100%;\">\n                    <legend class=\"ff_screen_reader_title\" style=\"display: block; margin: 0!important;padding: 0!important;height: 0!important;text-indent: -999999px;width: 0!important;overflow:hidden;\">CONTACTO PORTUGU\u00c9S<\/legend><input type='hidden' name='__fluent_form_embded_post_id' value='155' \/><input type=\"hidden\" id=\"_fluentform_9_fluentformnonce\" name=\"_fluentform_9_fluentformnonce\" value=\"81b2876a7a\" \/><input type=\"hidden\" name=\"_wp_http_referer\" value=\"\/pt\/wp-json\/wp\/v2\/pages\/155\" \/><div class='ff-el-group  ff-custom_html' tabindex='-1' data-name=\"custom_html-9_1\" ><h2>FORMUL\u00c1RIO DE CONTATO<\/h2><\/div><div data-type=\"name-element\" data-name=\"names_1\" class=\" ff-field_container ff-name-field-wrapper\" ><div class='ff-t-container'><div class='ff-t-cell '><div class='ff-el-group  ff-el-form-top'><div class=\"ff-el-input--label ff-el-is-required asterisk-left\"><label for='ff_9_names_1_first_name_' >NOME<\/label><\/div><div class='ff-el-input--content'><input type=\"text\" name=\"names_1[first_name]\" id=\"ff_9_names_1_first_name_\" class=\"ff-el-form-control\" aria-invalid=\"false\" aria-required=true><\/div><\/div><\/div><div class='ff-t-cell '><div class='ff-el-group  ff-el-form-top'><div class=\"ff-el-input--label ff-el-is-required asterisk-left\"><label for='ff_9_names_1_last_name_' >SOBRENOME<\/label><\/div><div class='ff-el-input--content'><input type=\"text\" name=\"names_1[last_name]\" id=\"ff_9_names_1_last_name_\" class=\"ff-el-form-control\" aria-invalid=\"false\" aria-required=true><\/div><\/div><\/div><\/div><\/div><div data-name=\"ff_cn_id_1\"  class='ff-t-container ff-column-container ff_columns_total_2  '><div class='ff-t-cell ff-t-column-1' style='flex-basis: 50%;'><div class='ff-el-group'><div class=\"ff-el-input--label ff-el-is-required asterisk-left\"><label for='ff_9_email' aria-label=\"EMAIL\">EMAIL<\/label><\/div><div class='ff-el-input--content'><input type=\"email\" name=\"email\" id=\"ff_9_email\" class=\"ff-el-form-control\" data-name=\"email\"  aria-invalid=\"false\" aria-required=true><\/div><\/div><\/div><div class='ff-t-cell ff-t-column-2' style='flex-basis: 50%;'><\/div><\/div><div class='ff-el-group'><div class=\"ff-el-input--label asterisk-left\"><label for='ff_9_assunto' aria-label=\"ASSUNTO\">ASSUNTO<\/label><\/div><div class='ff-el-input--content'><input type=\"text\" name=\"assunto\" class=\"ff-el-form-control\" data-name=\"assunto\" id=\"ff_9_assunto\"  aria-invalid=\"false\" aria-required=false><\/div><\/div><div class='ff-el-group'><div class=\"ff-el-input--label asterisk-left\"><label for='ff_9_Mensagem' aria-label=\"MENSAGEM\"> MENSAGEM<\/label><\/div><div class='ff-el-input--content'><textarea aria-invalid=\"false\" aria-required=false name=\"Mensagem\" id=\"ff_9_Mensagem\" class=\"ff-el-form-control\" rows=\"3\" cols=\"2\" data-name=\"Mensagem\" ><\/textarea><\/div><\/div><div class='ff-el-group  ff-custom_html' tabindex='-1' data-name=\"custom_html-9_2\" ><p style=\"color: grey;font-size: 12px\"><strong>RESPONS\u00c1VEL:<\/strong> \u00a0HABBER TEC PORTUGAL \u2013 SERVI\u00c7OS E TECNOLOGIA, S.A. - Av. Miguel Bombarda, 36 -2\u00ba D 1050-165 Lisboa, Portugal, com NIB: 580 542 855. <strong>FINALIDADE:<\/strong> Tramitar e responder as suas consultas, assim como o envio de informa\u00e7\u00f5es por e-mail em caso de consentimento. <strong>LESGISLA\u00c7\u00c3O:<\/strong> O consentimento que nos d\u00e1 ao entrar em contato conosco, atrav\u00e9s do formul\u00e1rio de contato ou aceitando receber informa\u00e7\u00f5es do seu interesse. <strong>TEMPO DE CONSERVA\u00c7\u00c3O:<\/strong> Os dados que nos fornecer atrav\u00e9s do formul\u00e1rio de contato ser\u00e3o mantidos por um per\u00edodo m\u00e1ximo de 5 anos ou at\u00e9 que retires o consentimento fornecido pelos meios autorizados. <strong>SE\u00c7\u00c3O:<\/strong> Seus dados n\u00e3o ser\u00e3o cedidos para terceiros, exceto que, devido \u00e0 natureza da consulta, seja necess\u00e1rio ou exista uma obriga\u00e7\u00e3o legal. <strong>DIREITOS:<\/strong> \u00a0Acesso, retifica\u00e7\u00e3o, exclus\u00e3o, oposi\u00e7\u00e3o e limita\u00e7\u00e3o no endere\u00e7o postal que aparece acima ou no e-mail\u00a0<a href=\"mailto:info.pt@habber.com\">info.pt@habber.com<\/a>, anexando uma c\u00f3pia do NIF da parte interessada e a a\u00e7\u00e3o solicitada.<\/p><\/div><div class='ff-el-group    ff-el-input--content'><div class='ff-el-form-check ff-el-tc'><label aria-label='Terms and Conditions: Eu li e aceito a Pol\u00edtica de Privacidade. Contains 1 link. Use tab navigation to review.' class='ff-el-form-check-label ff_tc_label' for=terms-n-condition_e9476945bccf543140a54ff4b6810243><span class='ff_tc_checkbox'><input type=\"checkbox\" name=\"terms-n-condition\" class=\"ff-el-form-check-input\" data-name=\"terms-n-condition\" id=\"terms-n-condition_e9476945bccf543140a54ff4b6810243\"  value='on' aria-invalid='false' aria-required=true><\/span> <div class='ff_t_c'><p>Eu li e aceito a <a href=\"https:\/\/habber.com\/pt\/politica-de-privacidad\">Pol\u00edtica de Privacidade.<\/a><\/p><\/div><\/label><\/div><\/div><div class='ff-el-group    ff-el-input--content'><div class='ff-el-form-check ff-el-tc'><label aria-label='Desejo receber informa\u00e7\u00f5es que sejam do meu interesse.' class='ff-el-form-check-label ff_tc_label' for=publi_245fd241f9abda71b16278423297e8ef><span class='ff_tc_checkbox'><input type=\"checkbox\" name=\"publi\" class=\"ff-el-form-check-input\" data-name=\"publi\" id=\"publi_245fd241f9abda71b16278423297e8ef\"  value='on' aria-invalid='false' aria-required=false><\/span> <div class='ff_t_c'><p>Desejo receber informa\u00e7\u00f5es que sejam do meu interesse.<\/p><\/div><\/label><\/div><\/div><div class='ff-el-group ' ><div class='ff-el-input--content'><div data-fluent_id='9' name='g-recaptcha-response'><div\n\t\tdata-sitekey='6Lda0wAVAAAAAKAU4NupchGr1vL8BkdKMiHBKJi4'\n\t\tid='fluentform-recaptcha-9-1'\n\t\tclass='ff-el-recaptcha g-recaptcha'\n\t\tdata-callback='fluentFormrecaptchaSuccessCallback'><\/div><\/div><\/div><\/div><div class='ff-el-group ff-text-center ff_submit_btn_wrapper'><button type=\"submit\" class=\"ff-btn ff-btn-submit ff-btn-md ff_btn_style wpf_has_custom_css\" >ENVIAR<\/button><\/div><\/fieldset><\/form><div id='fluentform_9_errors' class='ff-errors-in-stack ff_form_instance_9_1 ff-form-loading_errors ff_form_instance_9_1_errors'><\/div><\/div>        <script type=\"text\/javascript\">\n            window.fluent_form_ff_form_instance_9_1 = {\"id\":\"9\",\"settings\":{\"layout\":{\"labelPlacement\":\"top\",\"helpMessagePlacement\":\"with_label\",\"errorMessagePlacement\":\"inline\",\"asteriskPlacement\":\"asterisk-left\"},\"id\":\"63\",\"restrictions\":{\"denyEmptySubmission\":{\"enabled\":false}}},\"form_instance\":\"ff_form_instance_9_1\",\"form_id_selector\":\"fluentform_9\",\"rules\":{\"names_1[first_name]\":{\"required\":{\"value\":true,\"message\":\"Este campo \\u00e9 obrigat\\u00f3rio.\"}},\"names_1[middle_name]\":{\"required\":{\"value\":false,\"message\":\"This field is required\"}},\"names_1[last_name]\":{\"required\":{\"value\":true,\"message\":\"Este campo \\u00e9 obrigat\\u00f3rio.\"}},\"email\":{\"required\":{\"value\":true,\"message\":\"Este campo \\u00e9 obrigat\\u00f3rio.\"},\"email\":{\"value\":true,\"message\":\"This field must contain a valid email\"}},\"movel\":{\"required\":{\"value\":true,\"message\":\"Este campo \\u00e9 obrigat\\u00f3rio.\"},\"valid_phone_number\":{\"value\":false,\"message\":\"Phone number is not valid\"}},\"assunto\":{\"required\":{\"value\":false,\"message\":\"This field is required\"}},\"Mensagem\":{\"required\":{\"value\":false,\"message\":\"This field is required\"}},\"terms-n-condition\":{\"required\":{\"value\":true,\"message\":\"Este campo \\u00e9 obrigat\\u00f3rio.\"}},\"publi\":{\"required\":{\"value\":false,\"message\":\"This field is required\"}},\"recaptcha\":[]},\"debounce_time\":300};\n                    <\/script>\n        [\/vc_column_text][\/vc_column][\/vc_row]<\/p>\n<\/div>","protected":false},"excerpt":{"rendered":"<p>[vc_row css_animation=&#8221;&#8221; row_type=&#8221;row&#8221; use_row_as_full_screen_section=&#8221;no&#8221; type=&#8221;full_width&#8221; angled_section=&#8221;no&#8221; text_align=&#8221;left&#8221; background_image_as_pattern=&#8221;without_pattern&#8221;][vc_column][vc_column_text][\/vc_column_text][\/vc_column][\/vc_row][vc_row css_animation=&#8221;&#8221; row_type=&#8221;row&#8221; use_row_as_full_screen_section=&#8221;no&#8221; type=&#8221;full_width&#8221; angled_section=&#8221;no&#8221; text_align=&#8221;left&#8221; background_image_as_pattern=&#8221;without_pattern&#8221; background_color=&#8221;#186e62&#8243; padding_top=&#8221;40&#8243; padding_bottom=&#8221;40&#8243; z_index=&#8221;&#8221;][vc_column][vc_column_text] A Habber Tec esteve presente ao longo de sua hist\u00f3ria em tr\u00eas continentes. Atualmente, temos escrit\u00f3rios na Europa e na \u00c1frica. [\/vc_column_text][\/vc_column][\/vc_row][vc_row css_animation=&#8221;&#8221; row_type=&#8221;row&#8221; use_row_as_full_screen_section=&#8221;no&#8221; type=&#8221;grid&#8221;&#8230;<\/p>\n","protected":false},"author":1,"featured_media":0,"parent":0,"menu_order":0,"comment_status":"closed","ping_status":"closed","template":"full_width.php","meta":{"footnotes":""},"class_list":["post-155","page","type-page","status-publish","hentry"],"yoast_head":"<!-- This site is optimized with the Yoast SEO plugin v26.9 - https:\/\/yoast.com\/product\/yoast-seo-wordpress\/ -->\n<title>CONTATO - Habber Tec<\/title>\n<meta name=\"description\" content=\"Si deseas contactar con nosotros o est\u00e1s interesado en nuestros servicios, por favor rellena el siguiente formulario, nos pondremos en contacto lo antes posible.\" \/>\n<meta name=\"robots\" content=\"index, follow, max-snippet:-1, max-image-preview:large, max-video-preview:-1\" \/>\n<link rel=\"canonical\" href=\"https:\/\/madeinyou.crm.habber.com\/en\/contacto\/\" \/>\n<meta property=\"og:locale\" content=\"pt_PT\" \/>\n<meta property=\"og:type\" content=\"article\" \/>\n<meta property=\"og:title\" content=\"CONTATO - Habber Tec\" \/>\n<meta property=\"og:description\" content=\"Si deseas contactar con nosotros o est\u00e1s interesado en nuestros servicios, por favor rellena el siguiente formulario, nos pondremos en contacto lo antes posible.\" \/>\n<meta property=\"og:url\" content=\"https:\/\/madeinyou.crm.habber.com\/en\/contacto\/\" \/>\n<meta property=\"og:site_name\" content=\"Habber Tec\" \/>\n<meta property=\"article:modified_time\" content=\"2020-06-05T20:50:56+00:00\" \/>\n<meta name=\"twitter:card\" content=\"summary_large_image\" \/>\n<meta name=\"twitter:label1\" content=\"Tempo estimado de leitura\" \/>\n\t<meta name=\"twitter:data1\" content=\"2 minutos\" \/>\n<script type=\"application\/ld+json\" class=\"yoast-schema-graph\">{\"@context\":\"https:\/\/schema.org\",\"@graph\":[{\"@type\":\"WebPage\",\"@id\":\"https:\/\/madeinyou.crm.habber.com\/en\/contacto\/\",\"url\":\"https:\/\/madeinyou.crm.habber.com\/en\/contacto\/\",\"name\":\"CONTATO - Habber Tec\",\"isPartOf\":{\"@id\":\"https:\/\/madeinyou.crm.habber.com\/#website\"},\"datePublished\":\"2020-04-04T10:03:02+00:00\",\"dateModified\":\"2020-06-05T20:50:56+00:00\",\"description\":\"Si deseas contactar con nosotros o est\u00e1s interesado en nuestros servicios, por favor rellena el siguiente formulario, nos pondremos en contacto lo antes posible.\",\"breadcrumb\":{\"@id\":\"https:\/\/madeinyou.crm.habber.com\/en\/contacto\/#breadcrumb\"},\"inLanguage\":\"pt-PT\",\"potentialAction\":[{\"@type\":\"ReadAction\",\"target\":[\"https:\/\/madeinyou.crm.habber.com\/en\/contacto\/\"]}]},{\"@type\":\"BreadcrumbList\",\"@id\":\"https:\/\/madeinyou.crm.habber.com\/en\/contacto\/#breadcrumb\",\"itemListElement\":[{\"@type\":\"ListItem\",\"position\":1,\"name\":\"Portada\",\"item\":\"https:\/\/madeinyou.crm.habber.com\/\"},{\"@type\":\"ListItem\",\"position\":2,\"name\":\"CONTACT\"}]},{\"@type\":\"WebSite\",\"@id\":\"https:\/\/madeinyou.crm.habber.com\/#website\",\"url\":\"https:\/\/madeinyou.crm.habber.com\/\",\"name\":\"Habber Tec\",\"description\":\"Spirit of innovation\",\"potentialAction\":[{\"@type\":\"SearchAction\",\"target\":{\"@type\":\"EntryPoint\",\"urlTemplate\":\"https:\/\/madeinyou.crm.habber.com\/?s={search_term_string}\"},\"query-input\":{\"@type\":\"PropertyValueSpecification\",\"valueRequired\":true,\"valueName\":\"search_term_string\"}}],\"inLanguage\":\"pt-PT\"}]}<\/script>\n<!-- \/ Yoast SEO plugin. -->","yoast_head_json":{"title":"CONTATO - Habber Tec","description":"Si deseas contactar con nosotros o est\u00e1s interesado en nuestros servicios, por favor rellena el siguiente formulario, nos pondremos en contacto lo antes posible.","robots":{"index":"index","follow":"follow","max-snippet":"max-snippet:-1","max-image-preview":"max-image-preview:large","max-video-preview":"max-video-preview:-1"},"canonical":"https:\/\/madeinyou.crm.habber.com\/en\/contacto\/","og_locale":"pt_PT","og_type":"article","og_title":"CONTATO - Habber Tec","og_description":"Si deseas contactar con nosotros o est\u00e1s interesado en nuestros servicios, por favor rellena el siguiente formulario, nos pondremos en contacto lo antes posible.","og_url":"https:\/\/madeinyou.crm.habber.com\/en\/contacto\/","og_site_name":"Habber Tec","article_modified_time":"2020-06-05T20:50:56+00:00","twitter_card":"summary_large_image","twitter_misc":{"Tempo estimado de leitura":"2 minutos"},"schema":{"@context":"https:\/\/schema.org","@graph":[{"@type":"WebPage","@id":"https:\/\/madeinyou.crm.habber.com\/en\/contacto\/","url":"https:\/\/madeinyou.crm.habber.com\/en\/contacto\/","name":"CONTATO - Habber Tec","isPartOf":{"@id":"https:\/\/madeinyou.crm.habber.com\/#website"},"datePublished":"2020-04-04T10:03:02+00:00","dateModified":"2020-06-05T20:50:56+00:00","description":"Si deseas contactar con nosotros o est\u00e1s interesado en nuestros servicios, por favor rellena el siguiente formulario, nos pondremos en contacto lo antes posible.","breadcrumb":{"@id":"https:\/\/madeinyou.crm.habber.com\/en\/contacto\/#breadcrumb"},"inLanguage":"pt-PT","potentialAction":[{"@type":"ReadAction","target":["https:\/\/madeinyou.crm.habber.com\/en\/contacto\/"]}]},{"@type":"BreadcrumbList","@id":"https:\/\/madeinyou.crm.habber.com\/en\/contacto\/#breadcrumb","itemListElement":[{"@type":"ListItem","position":1,"name":"Portada","item":"https:\/\/madeinyou.crm.habber.com\/"},{"@type":"ListItem","position":2,"name":"CONTACT"}]},{"@type":"WebSite","@id":"https:\/\/madeinyou.crm.habber.com\/#website","url":"https:\/\/madeinyou.crm.habber.com\/","name":"Habber Tec","description":"Spirit of innovation","potentialAction":[{"@type":"SearchAction","target":{"@type":"EntryPoint","urlTemplate":"https:\/\/madeinyou.crm.habber.com\/?s={search_term_string}"},"query-input":{"@type":"PropertyValueSpecification","valueRequired":true,"valueName":"search_term_string"}}],"inLanguage":"pt-PT"}]}},"_links":{"self":[{"href":"https:\/\/madeinyou.crm.habber.com\/pt\/wp-json\/wp\/v2\/pages\/155","targetHints":{"allow":["GET"]}}],"collection":[{"href":"https:\/\/madeinyou.crm.habber.com\/pt\/wp-json\/wp\/v2\/pages"}],"about":[{"href":"https:\/\/madeinyou.crm.habber.com\/pt\/wp-json\/wp\/v2\/types\/page"}],"author":[{"embeddable":true,"href":"https:\/\/madeinyou.crm.habber.com\/pt\/wp-json\/wp\/v2\/users\/1"}],"replies":[{"embeddable":true,"href":"https:\/\/madeinyou.crm.habber.com\/pt\/wp-json\/wp\/v2\/comments?post=155"}],"version-history":[{"count":101,"href":"https:\/\/madeinyou.crm.habber.com\/pt\/wp-json\/wp\/v2\/pages\/155\/revisions"}],"predecessor-version":[{"id":1837,"href":"https:\/\/madeinyou.crm.habber.com\/pt\/wp-json\/wp\/v2\/pages\/155\/revisions\/1837"}],"wp:attachment":[{"href":"https:\/\/madeinyou.crm.habber.com\/pt\/wp-json\/wp\/v2\/media?parent=155"}],"curies":[{"name":"wp","href":"https:\/\/api.w.org\/{rel}","templated":true}]}}