{"id":391,"date":"2020-04-06T16:57:42","date_gmt":"2020-04-06T16:57:42","guid":{"rendered":"https:\/\/madeinyou.crm.habber.com\/?page_id=391"},"modified":"2020-06-03T11:31:34","modified_gmt":"2020-06-03T11:31:34","slug":"unete","status":"publish","type":"page","link":"https:\/\/madeinyou.crm.habber.com\/pt\/unete\/","title":{"rendered":"ENTRAR"},"content":{"rendered":"<div class=\"wpb-content-wrapper\"><p>[vc_row css_animation=&#8221;&#8221; row_type=&#8221;row&#8221; use_row_as_full_screen_section=&#8221;no&#8221; type=&#8221;full_width&#8221; angled_section=&#8221;no&#8221; text_align=&#8221;left&#8221; background_image_as_pattern=&#8221;without_pattern&#8221;][vc_column][rev_slider_vc alias=&#8221;rrhh_PT&#8221;][\/vc_column][\/vc_row][vc_row css_animation=&#8221;&#8221; row_type=&#8221;row&#8221; use_row_as_full_screen_section=&#8221;no&#8221; type=&#8221;grid&#8221; angled_section=&#8221;no&#8221; text_align=&#8221;left&#8221; background_image_as_pattern=&#8221;without_pattern&#8221; background_color=&#8221;#f9f9f9&#8243; padding_top=&#8221;40&#8243; padding_bottom=&#8221;40&#8243; z_index=&#8221;&#8221;][vc_column][vc_single_image image=&#8221;1283&#8243; img_size=&#8221;100&#215;100&#8243; alignment=&#8221;center&#8221; qode_css_animation=&#8221;&#8221;][vc_column_text css=&#8221;.vc_custom_1587230173558{padding-top: 20px !important;}&#8221;]<\/p>\n<h1 style=\"text-align: center;\">A NOSSA FILOSOFIA<\/h1>\n<p>[\/vc_column_text][vc_row_inner row_type=&#8221;row&#8221; type=&#8221;full_width&#8221; text_align=&#8221;left&#8221; css_animation=&#8221;&#8221;][vc_column_inner width=&#8221;1\/2&#8243;][vc_column_text css=&#8221;.vc_custom_1589961518670{padding-top: 20px !important;}&#8221;]Na Habber Tec acreditamos que a complexidade das solu\u00e7\u00f5es exigidas pelo atual ambiente de neg\u00f3cios requer a participa\u00e7\u00e3o de equipas multidisciplinares de especialistas. Nesse quadro, procuramos pessoas com aptid\u00e3o e motiva\u00e7\u00e3o e que queiram envolver-se num projeto com um grande futuro no mercado de consultoria nas \u00e1reas de <strong>transforma\u00e7\u00e3o digital, an\u00e1lise e intelig\u00eancia artificial.<\/strong>[\/vc_column_text][\/vc_column_inner][vc_column_inner width=&#8221;1\/2&#8243;][vc_column_text css=&#8221;.vc_custom_1587230202334{padding-top: 20px !important;}&#8221;]Oferecemos um ambiente atrativo com forma\u00e7\u00e3o cont\u00ednua, que incentiva e potencia o trabalho em equipa e a iniciativa pessoal para desenvolver plenamente as suas capacidades e compet\u00eancias. Se pretende ingressar numa empresa que potencia continuamente eixos como o da inova\u00e7\u00e3o, do conhecimento, da ado\u00e7\u00e3o de novas tecnologias e da excel\u00eancia operacional e est\u00e1 interessado em fazer parte de uma equipa l\u00edder, consolidaremos a sua prepara\u00e7\u00e3o t\u00e9cnica e potenciaremos as suas aptid\u00f5es profissionais.[\/vc_column_text][\/vc_column_inner][\/vc_row_inner][\/vc_column][\/vc_row][vc_row css_animation=&#8221;&#8221; row_type=&#8221;row&#8221; use_row_as_full_screen_section=&#8221;no&#8221; type=&#8221;grid&#8221; angled_section=&#8221;no&#8221; text_align=&#8221;left&#8221; background_image=&#8221;747&#8243; background_image_as_pattern=&#8221;without_pattern&#8221; padding_top=&#8221;80&#8243; padding_bottom=&#8221;80&#8243; z_index=&#8221;&#8221;][vc_column][vc_single_image image=&#8221;1285&#8243; img_size=&#8221;100&#215;100&#8243; alignment=&#8221;center&#8221; qode_css_animation=&#8221;&#8221;][vc_column_text css=&#8221;.vc_custom_1587976898505{padding-top: 20px !important;padding-bottom: 20px !important;}&#8221;]<\/p>\n<h1 style=\"text-align: center;\">OFERTAS DE EMPREGO<\/h1>\n<p>[\/vc_column_text][vc_row_inner row_type=&#8221;row&#8221; type=&#8221;full_width&#8221; text_align=&#8221;center&#8221; css_animation=&#8221;&#8221;][vc_column_inner width=&#8221;1\/4&#8243;][\/vc_column_inner][vc_column_inner width=&#8221;1\/2&#8243;][vc_column_text css=&#8221;.vc_custom_1589961573743{padding-bottom: 20px !important;}&#8221;]Verifique nesta se\u00e7\u00e3o se voc\u00ea tem o perfil que estamos procurando no momento. E se voc\u00ea n\u00e3o encontrar a oferta que est\u00e1 procurando, n\u00e3o desanime. Se voc\u00ea deseja acompanhar Habber em nossa jornada para a inova\u00e7\u00e3o, n\u00e3o hesite, envie seu curr\u00edculo![\/vc_column_text]<a  itemprop=\"url\" href=\"https:\/\/habber.com\/empleo\" target=\"_self\" data-hover-background-color=#998915 data-hover-border-color=#998915 data-hover-color=#efefef class=\"qbutton  medium center default\" style=\"color: #f7f7f7; border-color: #cecb1c; background-color: #cecb1c;\">OFERTAS DE EMPREGO<\/a>[\/vc_column_inner][vc_column_inner width=&#8221;1\/4&#8243;][\/vc_column_inner][\/vc_row_inner][\/vc_column][\/vc_row]<\/p>\n<\/div>","protected":false},"excerpt":{"rendered":"<p>[vc_row css_animation=&#8221;&#8221; row_type=&#8221;row&#8221; use_row_as_full_screen_section=&#8221;no&#8221; type=&#8221;full_width&#8221; angled_section=&#8221;no&#8221; text_align=&#8221;left&#8221; background_image_as_pattern=&#8221;without_pattern&#8221;][vc_column][rev_slider_vc alias=&#8221;rrhh_PT&#8221;][\/vc_column][\/vc_row][vc_row css_animation=&#8221;&#8221; row_type=&#8221;row&#8221; use_row_as_full_screen_section=&#8221;no&#8221; type=&#8221;grid&#8221; angled_section=&#8221;no&#8221; text_align=&#8221;left&#8221; background_image_as_pattern=&#8221;without_pattern&#8221; background_color=&#8221;#f9f9f9&#8243; padding_top=&#8221;40&#8243; padding_bottom=&#8221;40&#8243; z_index=&#8221;&#8221;][vc_column][vc_single_image image=&#8221;1283&#8243; img_size=&#8221;100&#215;100&#8243; alignment=&#8221;center&#8221; qode_css_animation=&#8221;&#8221;][vc_column_text css=&#8221;.vc_custom_1587230173558{padding-top: 20px !important;}&#8221;] A NOSSA FILOSOFIA [\/vc_column_text][vc_row_inner row_type=&#8221;row&#8221; type=&#8221;full_width&#8221; text_align=&#8221;left&#8221; css_animation=&#8221;&#8221;][vc_column_inner width=&#8221;1\/2&#8243;][vc_column_text css=&#8221;.vc_custom_1589961518670{padding-top: 20px !important;}&#8221;]Na Habber Tec acreditamos que a complexidade&#8230;<\/p>\n","protected":false},"author":1,"featured_media":0,"parent":0,"menu_order":0,"comment_status":"closed","ping_status":"closed","template":"full_width.php","meta":{"footnotes":""},"class_list":["post-391","page","type-page","status-publish","hentry"],"yoast_head":"<!-- This site is optimized with the Yoast SEO plugin v26.9 - https:\/\/yoast.com\/product\/yoast-seo-wordpress\/ -->\n<title>ENTRAR - Habber Tec<\/title>\n<meta name=\"robots\" content=\"index, follow, max-snippet:-1, max-image-preview:large, max-video-preview:-1\" \/>\n<link rel=\"canonical\" href=\"https:\/\/madeinyou.crm.habber.com\/unete\/\" \/>\n<meta property=\"og:locale\" content=\"pt_PT\" \/>\n<meta property=\"og:type\" content=\"article\" \/>\n<meta property=\"og:title\" content=\"ENTRAR - Habber Tec\" \/>\n<meta property=\"og:description\" content=\"[vc_row css_animation=&#8221;&#8221; row_type=&#8221;row&#8221; use_row_as_full_screen_section=&#8221;no&#8221; type=&#8221;full_width&#8221; angled_section=&#8221;no&#8221; text_align=&#8221;left&#8221; background_image_as_pattern=&#8221;without_pattern&#8221;][vc_column][rev_slider_vc alias=&#8221;rrhh_PT&#8221;][\/vc_column][\/vc_row][vc_row css_animation=&#8221;&#8221; row_type=&#8221;row&#8221; use_row_as_full_screen_section=&#8221;no&#8221; type=&#8221;grid&#8221; angled_section=&#8221;no&#8221; text_align=&#8221;left&#8221; background_image_as_pattern=&#8221;without_pattern&#8221; background_color=&#8221;#f9f9f9&#8243; padding_top=&#8221;40&#8243; padding_bottom=&#8221;40&#8243; z_index=&#8221;&#8221;][vc_column][vc_single_image image=&#8221;1283&#8243; img_size=&#8221;100&#215;100&#8243; alignment=&#8221;center&#8221; qode_css_animation=&#8221;&#8221;][vc_column_text css=&#8221;.vc_custom_1587230173558{padding-top: 20px !important;}&#8221;] A NOSSA FILOSOFIA [\/vc_column_text][vc_row_inner row_type=&#8221;row&#8221; type=&#8221;full_width&#8221; text_align=&#8221;left&#8221; css_animation=&#8221;&#8221;][vc_column_inner width=&#8221;1\/2&#8243;][vc_column_text css=&#8221;.vc_custom_1589961518670{padding-top: 20px !important;}&#8221;]Na Habber Tec acreditamos que a complexidade...\" \/>\n<meta property=\"og:url\" content=\"https:\/\/madeinyou.crm.habber.com\/unete\/\" \/>\n<meta property=\"og:site_name\" content=\"Habber Tec\" \/>\n<meta property=\"article:modified_time\" content=\"2020-06-03T11:31:34+00:00\" \/>\n<meta name=\"twitter:card\" content=\"summary_large_image\" \/>\n<meta name=\"twitter:label1\" content=\"Tempo estimado de leitura\" \/>\n\t<meta name=\"twitter:data1\" content=\"3 minutos\" \/>\n<script type=\"application\/ld+json\" class=\"yoast-schema-graph\">{\"@context\":\"https:\/\/schema.org\",\"@graph\":[{\"@type\":\"WebPage\",\"@id\":\"https:\/\/madeinyou.crm.habber.com\/unete\/\",\"url\":\"https:\/\/madeinyou.crm.habber.com\/unete\/\",\"name\":\"ENTRAR - Habber Tec\",\"isPartOf\":{\"@id\":\"https:\/\/madeinyou.crm.habber.com\/#website\"},\"datePublished\":\"2020-04-06T16:57:42+00:00\",\"dateModified\":\"2020-06-03T11:31:34+00:00\",\"breadcrumb\":{\"@id\":\"https:\/\/madeinyou.crm.habber.com\/unete\/#breadcrumb\"},\"inLanguage\":\"pt-PT\",\"potentialAction\":[{\"@type\":\"ReadAction\",\"target\":[\"https:\/\/madeinyou.crm.habber.com\/unete\/\"]}]},{\"@type\":\"BreadcrumbList\",\"@id\":\"https:\/\/madeinyou.crm.habber.com\/unete\/#breadcrumb\",\"itemListElement\":[{\"@type\":\"ListItem\",\"position\":1,\"name\":\"Portada\",\"item\":\"https:\/\/madeinyou.crm.habber.com\/\"},{\"@type\":\"ListItem\",\"position\":2,\"name\":\"\u00daNETE\"}]},{\"@type\":\"WebSite\",\"@id\":\"https:\/\/madeinyou.crm.habber.com\/#website\",\"url\":\"https:\/\/madeinyou.crm.habber.com\/\",\"name\":\"Habber Tec\",\"description\":\"Spirit of innovation\",\"potentialAction\":[{\"@type\":\"SearchAction\",\"target\":{\"@type\":\"EntryPoint\",\"urlTemplate\":\"https:\/\/madeinyou.crm.habber.com\/?s={search_term_string}\"},\"query-input\":{\"@type\":\"PropertyValueSpecification\",\"valueRequired\":true,\"valueName\":\"search_term_string\"}}],\"inLanguage\":\"pt-PT\"}]}<\/script>\n<!-- \/ Yoast SEO plugin. -->","yoast_head_json":{"title":"ENTRAR - Habber Tec","robots":{"index":"index","follow":"follow","max-snippet":"max-snippet:-1","max-image-preview":"max-image-preview:large","max-video-preview":"max-video-preview:-1"},"canonical":"https:\/\/madeinyou.crm.habber.com\/unete\/","og_locale":"pt_PT","og_type":"article","og_title":"ENTRAR - Habber Tec","og_description":"[vc_row css_animation=&#8221;&#8221; row_type=&#8221;row&#8221; use_row_as_full_screen_section=&#8221;no&#8221; type=&#8221;full_width&#8221; angled_section=&#8221;no&#8221; text_align=&#8221;left&#8221; background_image_as_pattern=&#8221;without_pattern&#8221;][vc_column][rev_slider_vc alias=&#8221;rrhh_PT&#8221;][\/vc_column][\/vc_row][vc_row css_animation=&#8221;&#8221; row_type=&#8221;row&#8221; use_row_as_full_screen_section=&#8221;no&#8221; type=&#8221;grid&#8221; angled_section=&#8221;no&#8221; text_align=&#8221;left&#8221; background_image_as_pattern=&#8221;without_pattern&#8221; background_color=&#8221;#f9f9f9&#8243; padding_top=&#8221;40&#8243; padding_bottom=&#8221;40&#8243; z_index=&#8221;&#8221;][vc_column][vc_single_image image=&#8221;1283&#8243; img_size=&#8221;100&#215;100&#8243; alignment=&#8221;center&#8221; qode_css_animation=&#8221;&#8221;][vc_column_text css=&#8221;.vc_custom_1587230173558{padding-top: 20px !important;}&#8221;] A NOSSA FILOSOFIA [\/vc_column_text][vc_row_inner row_type=&#8221;row&#8221; type=&#8221;full_width&#8221; text_align=&#8221;left&#8221; css_animation=&#8221;&#8221;][vc_column_inner width=&#8221;1\/2&#8243;][vc_column_text css=&#8221;.vc_custom_1589961518670{padding-top: 20px !important;}&#8221;]Na Habber Tec acreditamos que a complexidade...","og_url":"https:\/\/madeinyou.crm.habber.com\/unete\/","og_site_name":"Habber Tec","article_modified_time":"2020-06-03T11:31:34+00:00","twitter_card":"summary_large_image","twitter_misc":{"Tempo estimado de leitura":"3 minutos"},"schema":{"@context":"https:\/\/schema.org","@graph":[{"@type":"WebPage","@id":"https:\/\/madeinyou.crm.habber.com\/unete\/","url":"https:\/\/madeinyou.crm.habber.com\/unete\/","name":"ENTRAR - Habber Tec","isPartOf":{"@id":"https:\/\/madeinyou.crm.habber.com\/#website"},"datePublished":"2020-04-06T16:57:42+00:00","dateModified":"2020-06-03T11:31:34+00:00","breadcrumb":{"@id":"https:\/\/madeinyou.crm.habber.com\/unete\/#breadcrumb"},"inLanguage":"pt-PT","potentialAction":[{"@type":"ReadAction","target":["https:\/\/madeinyou.crm.habber.com\/unete\/"]}]},{"@type":"BreadcrumbList","@id":"https:\/\/madeinyou.crm.habber.com\/unete\/#breadcrumb","itemListElement":[{"@type":"ListItem","position":1,"name":"Portada","item":"https:\/\/madeinyou.crm.habber.com\/"},{"@type":"ListItem","position":2,"name":"\u00daNETE"}]},{"@type":"WebSite","@id":"https:\/\/madeinyou.crm.habber.com\/#website","url":"https:\/\/madeinyou.crm.habber.com\/","name":"Habber Tec","description":"Spirit of innovation","potentialAction":[{"@type":"SearchAction","target":{"@type":"EntryPoint","urlTemplate":"https:\/\/madeinyou.crm.habber.com\/?s={search_term_string}"},"query-input":{"@type":"PropertyValueSpecification","valueRequired":true,"valueName":"search_term_string"}}],"inLanguage":"pt-PT"}]}},"_links":{"self":[{"href":"https:\/\/madeinyou.crm.habber.com\/pt\/wp-json\/wp\/v2\/pages\/391","targetHints":{"allow":["GET"]}}],"collection":[{"href":"https:\/\/madeinyou.crm.habber.com\/pt\/wp-json\/wp\/v2\/pages"}],"about":[{"href":"https:\/\/madeinyou.crm.habber.com\/pt\/wp-json\/wp\/v2\/types\/page"}],"author":[{"embeddable":true,"href":"https:\/\/madeinyou.crm.habber.com\/pt\/wp-json\/wp\/v2\/users\/1"}],"replies":[{"embeddable":true,"href":"https:\/\/madeinyou.crm.habber.com\/pt\/wp-json\/wp\/v2\/comments?post=391"}],"version-history":[{"count":42,"href":"https:\/\/madeinyou.crm.habber.com\/pt\/wp-json\/wp\/v2\/pages\/391\/revisions"}],"predecessor-version":[{"id":1752,"href":"https:\/\/madeinyou.crm.habber.com\/pt\/wp-json\/wp\/v2\/pages\/391\/revisions\/1752"}],"wp:attachment":[{"href":"https:\/\/madeinyou.crm.habber.com\/pt\/wp-json\/wp\/v2\/media?parent=391"}],"curies":[{"name":"wp","href":"https:\/\/api.w.org\/{rel}","templated":true}]}}