{"id":461,"date":"2020-04-07T09:24:01","date_gmt":"2020-04-07T09:24:01","guid":{"rendered":"https:\/\/madeinyou.crm.habber.com\/?page_id=461"},"modified":"2020-06-04T15:17:06","modified_gmt":"2020-06-04T15:17:06","slug":"actualidad","status":"publish","type":"page","link":"https:\/\/madeinyou.crm.habber.com\/pt\/actualidad\/","title":{"rendered":"ACTUAL"},"content":{"rendered":"<div class=\"wpb-content-wrapper\"><p>[vc_row css_animation=&#8221;&#8221; row_type=&#8221;row&#8221; use_row_as_full_screen_section=&#8221;yes&#8221; type=&#8221;grid&#8221; angled_section=&#8221;no&#8221; text_align=&#8221;center&#8221; background_image_as_pattern=&#8221;without_pattern&#8221; row_negative_margin=&#8221;disable_negative_margin&#8221; z_index=&#8221;&#8221; css=&#8221;.vc_custom_1587037715765{padding-top: 40px !important;padding-bottom: 20px !important;}&#8221;][vc_column width=&#8221;1\/2&#8243;][vc_column_text css=&#8221;.vc_custom_1587654656918{padding-top: 20px !important;padding-bottom: 20px !important;}&#8221;]<\/p>\n<h1 style=\"color: #65918c; text-align: left;\">EVENTOS<\/h1>\n<p style=\"text-align: left;\">Descubra nossos eventos para manter-se atualizado e participar dos que mais lhe interessam.<\/p>\n<p>[\/vc_column_text][\/vc_column][vc_column width=&#8221;1\/2&#8243;][vc_column_text css=&#8221;.vc_custom_1587654637257{padding-top: 20px !important;padding-bottom: 20px !important;}&#8221;]<\/p>\n<h1 style=\"color: #959324; text-align: left;\">NOT\u00cdCIAS<\/h1>\n<p style=\"text-align: left;\">Descubra as \u00faltimas not\u00edcias para ser informado sobre tudo relacionado ao nosso setor.<\/p>\n<p>[\/vc_column_text][\/vc_column][\/vc_row][vc_row css_animation=&#8221;&#8221; row_type=&#8221;row&#8221; use_row_as_full_screen_section=&#8221;no&#8221; type=&#8221;full_width&#8221; angled_section=&#8221;no&#8221; text_align=&#8221;left&#8221; background_image_as_pattern=&#8221;without_pattern&#8221;][vc_column width=&#8221;1\/2&#8243;]<div class='blog_slider_holder clearfix '><div class='blog_slider simple_slider' data-auto_start='true'><ul class='blog_slides'><li class=\"item\"><div class = \"blog_post_holder\"><div class = \"blog_image_holder\"><span class = \"image\"><img loading=\"lazy\" decoding=\"async\" width=\"1000\" height=\"603\" src=\"https:\/\/madeinyou.crm.habber.com\/wp-content\/uploads\/2020\/05\/El-futuro-de-la-automatizacio\u0301n-de-los-negocios-digitales.jpg\" class=\"attachment-full size-full wp-post-image\" alt=\"\" srcset=\"https:\/\/madeinyou.crm.habber.com\/wp-content\/uploads\/2020\/05\/El-futuro-de-la-automatizacio\u0301n-de-los-negocios-digitales.jpg 1000w, https:\/\/madeinyou.crm.habber.com\/wp-content\/uploads\/2020\/05\/El-futuro-de-la-automatizacio\u0301n-de-los-negocios-digitales-900x543.jpg 900w, https:\/\/madeinyou.crm.habber.com\/wp-content\/uploads\/2020\/05\/El-futuro-de-la-automatizacio\u0301n-de-los-negocios-digitales-768x463.jpg 768w, https:\/\/madeinyou.crm.habber.com\/wp-content\/uploads\/2020\/05\/El-futuro-de-la-automatizacio\u0301n-de-los-negocios-digitales-700x422.jpg 700w\" sizes=\"auto, (max-width: 1000px) 100vw, 1000px\" \/><\/span><\/div><div class = \"blog_text_wrapper\"><div class = \"blog_text_holder_outer\"><div class = \"blog_text_holder_inner\"><div class = \"blog_text_holder_inner2\"style=\"background-color:rgba(220,232,227,0.9);\"><h3 itemprop=\"name\"  class= \"blog_slider_simple_title entry_title\" ><a itemprop=\"url\" href=\"https:\/\/madeinyou.crm.habber.com\/pt\/webinar-el-futuro-de-la-automatizacion-de-los-negocios-digitales\/\" style=\"color: #65918c;\">WEBINAR. O futuro da automa\u00e7\u00e3o digital de neg\u00f3cios digitais.<\/a><\/h3><div class=\"blog_slider_simple_info\"><div class = \"post_info_item date\"><span itemprop=\"dateCreated\" class=\"entry_date updated\" style= \"\">8 May 2020<meta itemprop=\"interactionCount\" content=\"UserComments: <?php echo get_comments_number(qode_get_page_id()); ?>\"\/><\/span><\/div><\/div><\/div><\/div><\/div><\/div><\/div><\/li><li class=\"item\"><div class = \"blog_post_holder\"><div class = \"blog_image_holder\"><span class = \"image\"><img loading=\"lazy\" decoding=\"async\" width=\"1000\" height=\"602\" src=\"https:\/\/madeinyou.crm.habber.com\/wp-content\/uploads\/2020\/04\/office-working-app-computer-97077-scaled-e1587890508175.jpg\" class=\"attachment-full size-full wp-post-image\" alt=\"\" srcset=\"https:\/\/madeinyou.crm.habber.com\/wp-content\/uploads\/2020\/04\/office-working-app-computer-97077-scaled-e1587890508175.jpg 1000w, https:\/\/madeinyou.crm.habber.com\/wp-content\/uploads\/2020\/04\/office-working-app-computer-97077-scaled-e1587890508175-900x542.jpg 900w, https:\/\/madeinyou.crm.habber.com\/wp-content\/uploads\/2020\/04\/office-working-app-computer-97077-scaled-e1587890508175-768x462.jpg 768w, https:\/\/madeinyou.crm.habber.com\/wp-content\/uploads\/2020\/04\/office-working-app-computer-97077-scaled-e1587890508175-700x421.jpg 700w\" sizes=\"auto, (max-width: 1000px) 100vw, 1000px\" \/><\/span><\/div><div class = \"blog_text_wrapper\"><div class = \"blog_text_holder_outer\"><div class = \"blog_text_holder_inner\"><div class = \"blog_text_holder_inner2\"style=\"background-color:rgba(220,232,227,0.9);\"><h3 itemprop=\"name\"  class= \"blog_slider_simple_title entry_title\" ><a itemprop=\"url\" href=\"https:\/\/madeinyou.crm.habber.com\/pt\/inteligencia-artificial-la-revolucion-de-los-canales-comerciales\/\" style=\"color: #65918c;\">Intelig\u00eancia artificial: A revolu\u00e7\u00e3o dos canais comerciais<\/a><\/h3><div class=\"blog_slider_simple_info\"><div class = \"post_info_item date\"><span itemprop=\"dateCreated\" class=\"entry_date updated\" style= \"\">3 September 2018<meta itemprop=\"interactionCount\" content=\"UserComments: <?php echo get_comments_number(qode_get_page_id()); ?>\"\/><\/span><\/div><\/div><\/div><\/div><\/div><\/div><\/div><\/li><\/ul><ul class=\"caroufredsel-direction-nav\"><li><a id=\"caroufredsel-prev\" class=\"caroufredsel-prev\" href=\"#\"><div><i class=\"fa fa-angle-left\"><\/i><\/div><\/a><\/li><li><a class=\"caroufredsel-next\" id=\"caroufredsel-next\" href=\"#\"><div><i class=\"fa fa-angle-right\"><\/i><\/div><\/a><\/li><\/ul><\/div><\/div><a  itemprop=\"url\" href=\"https:\/\/habber.com\/eventos\/\" target=\"_self\"  class=\"qbutton  big_large_full_width default\" style=\"\"> VER TODOS OS EVENTOS<\/a>[\/vc_column][vc_column width=&#8221;1\/2&#8243;]<div class='blog_slider_holder clearfix '><div class='blog_slider simple_slider' data-auto_start='true'><ul class='blog_slides'><li class=\"item\"><div class = \"blog_post_holder\"><div class = \"blog_image_holder\"><span class = \"image\"><img loading=\"lazy\" decoding=\"async\" width=\"1000\" height=\"604\" src=\"https:\/\/madeinyou.crm.habber.com\/wp-content\/uploads\/2019\/10\/Evento-Ia-al-desnudo-para-web-4-1024x719-1-e1587890274608.jpeg\" class=\"attachment-full size-full wp-post-image\" alt=\"\" srcset=\"https:\/\/madeinyou.crm.habber.com\/wp-content\/uploads\/2019\/10\/Evento-Ia-al-desnudo-para-web-4-1024x719-1-e1587890274608.jpeg 1000w, https:\/\/madeinyou.crm.habber.com\/wp-content\/uploads\/2019\/10\/Evento-Ia-al-desnudo-para-web-4-1024x719-1-e1587890274608-900x544.jpeg 900w, https:\/\/madeinyou.crm.habber.com\/wp-content\/uploads\/2019\/10\/Evento-Ia-al-desnudo-para-web-4-1024x719-1-e1587890274608-768x464.jpeg 768w, https:\/\/madeinyou.crm.habber.com\/wp-content\/uploads\/2019\/10\/Evento-Ia-al-desnudo-para-web-4-1024x719-1-e1587890274608-700x423.jpeg 700w\" sizes=\"auto, (max-width: 1000px) 100vw, 1000px\" \/><\/span><\/div><div class = \"blog_text_wrapper\"><div class = \"blog_text_holder_outer\"><div class = \"blog_text_holder_inner\"><div class = \"blog_text_holder_inner2\"style=\"background-color:rgba(236,237,203,0.9);\"><h3 itemprop=\"name\"  class= \"blog_slider_simple_title entry_title\" ><a itemprop=\"url\" href=\"https:\/\/madeinyou.crm.habber.com\/pt\/habber-tec-desnuda-la-inteligencia-artificial-en-un-evento-innovador\/\" style=\"color: #959324;\">Habber Tec desnuda la inteligencia artificial en un evento innovador<\/a><\/h3><div class=\"blog_slider_simple_info\"><div class = \"post_info_item date\"><span itemprop=\"dateCreated\" class=\"entry_date updated\" style= \"\">29 October 2019<meta itemprop=\"interactionCount\" content=\"UserComments: <?php echo get_comments_number(qode_get_page_id()); ?>\"\/><\/span><\/div><\/div><\/div><\/div><\/div><\/div><\/div><\/li><li class=\"item\"><div class = \"blog_post_holder\"><div class = \"blog_image_holder\"><span class = \"image\"><img loading=\"lazy\" decoding=\"async\" width=\"1000\" height=\"603\" src=\"https:\/\/madeinyou.crm.habber.com\/wp-content\/uploads\/2019\/04\/premios-ricardo.jpg\" class=\"attachment-full size-full wp-post-image\" alt=\"\" srcset=\"https:\/\/madeinyou.crm.habber.com\/wp-content\/uploads\/2019\/04\/premios-ricardo.jpg 1000w, https:\/\/madeinyou.crm.habber.com\/wp-content\/uploads\/2019\/04\/premios-ricardo-900x543.jpg 900w, https:\/\/madeinyou.crm.habber.com\/wp-content\/uploads\/2019\/04\/premios-ricardo-768x463.jpg 768w, https:\/\/madeinyou.crm.habber.com\/wp-content\/uploads\/2019\/04\/premios-ricardo-700x422.jpg 700w\" sizes=\"auto, (max-width: 1000px) 100vw, 1000px\" \/><\/span><\/div><div class = \"blog_text_wrapper\"><div class = \"blog_text_holder_outer\"><div class = \"blog_text_holder_inner\"><div class = \"blog_text_holder_inner2\"style=\"background-color:rgba(236,237,203,0.9);\"><h3 itemprop=\"name\"  class= \"blog_slider_simple_title entry_title\" ><a itemprop=\"url\" href=\"https:\/\/madeinyou.crm.habber.com\/pt\/habber-tec-gana-premio-de-ibm-ecosystem-por-excelencia-tecnica\/\" style=\"color: #959324;\">Habber Tec gana premio de IBM Ecosystem por Excelencia T\u00e9cnica<\/a><\/h3><div class=\"blog_slider_simple_info\"><div class = \"post_info_item date\"><span itemprop=\"dateCreated\" class=\"entry_date updated\" style= \"\">12 April 2019<meta itemprop=\"interactionCount\" content=\"UserComments: <?php echo get_comments_number(qode_get_page_id()); ?>\"\/><\/span><\/div><\/div><\/div><\/div><\/div><\/div><\/div><\/li><\/ul><ul class=\"caroufredsel-direction-nav\"><li><a id=\"caroufredsel-prev\" class=\"caroufredsel-prev\" href=\"#\"><div><i class=\"fa fa-angle-left\"><\/i><\/div><\/a><\/li><li><a class=\"caroufredsel-next\" id=\"caroufredsel-next\" href=\"#\"><div><i class=\"fa fa-angle-right\"><\/i><\/div><\/a><\/li><\/ul><\/div><\/div><a  itemprop=\"url\" href=\"https:\/\/habber.com\/noticias\" target=\"_self\"  class=\"qbutton  big_large_full_width default\" style=\"\">VER TODAS AS NOT\u00cdCIAS<\/a>[\/vc_column][\/vc_row]<\/p>\n<\/div>","protected":false},"excerpt":{"rendered":"<p>[vc_row css_animation=&#8221;&#8221; row_type=&#8221;row&#8221; use_row_as_full_screen_section=&#8221;yes&#8221; type=&#8221;grid&#8221; angled_section=&#8221;no&#8221; text_align=&#8221;center&#8221; background_image_as_pattern=&#8221;without_pattern&#8221; row_negative_margin=&#8221;disable_negative_margin&#8221; z_index=&#8221;&#8221; css=&#8221;.vc_custom_1587037715765{padding-top: 40px !important;padding-bottom: 20px !important;}&#8221;][vc_column width=&#8221;1\/2&#8243;][vc_column_text css=&#8221;.vc_custom_1587654656918{padding-top: 20px !important;padding-bottom: 20px !important;}&#8221;] EVENTOS Descubra nossos eventos para manter-se atualizado e participar dos que mais lhe interessam. [\/vc_column_text][\/vc_column][vc_column width=&#8221;1\/2&#8243;][vc_column_text css=&#8221;.vc_custom_1587654637257{padding-top: 20px !important;padding-bottom: 20px !important;}&#8221;] NOT\u00cdCIAS Descubra as&#8230;<\/p>\n","protected":false},"author":1,"featured_media":0,"parent":0,"menu_order":0,"comment_status":"closed","ping_status":"closed","template":"full_width.php","meta":{"footnotes":""},"class_list":["post-461","page","type-page","status-publish","hentry"],"yoast_head":"<!-- This site is optimized with the Yoast SEO plugin v26.9 - https:\/\/yoast.com\/product\/yoast-seo-wordpress\/ -->\n<title>ACTUAL - Habber Tec<\/title>\n<meta name=\"robots\" content=\"index, follow, max-snippet:-1, max-image-preview:large, max-video-preview:-1\" \/>\n<link rel=\"canonical\" href=\"https:\/\/madeinyou.crm.habber.com\/pt\/actualidad\/\" \/>\n<meta property=\"og:locale\" content=\"pt_PT\" \/>\n<meta property=\"og:type\" content=\"article\" \/>\n<meta property=\"og:title\" content=\"ACTUAL - Habber Tec\" \/>\n<meta property=\"og:description\" content=\"[vc_row css_animation=&#8221;&#8221; row_type=&#8221;row&#8221; use_row_as_full_screen_section=&#8221;yes&#8221; type=&#8221;grid&#8221; angled_section=&#8221;no&#8221; text_align=&#8221;center&#8221; background_image_as_pattern=&#8221;without_pattern&#8221; row_negative_margin=&#8221;disable_negative_margin&#8221; z_index=&#8221;&#8221; css=&#8221;.vc_custom_1587037715765{padding-top: 40px !important;padding-bottom: 20px !important;}&#8221;][vc_column width=&#8221;1\/2&#8243;][vc_column_text css=&#8221;.vc_custom_1587654656918{padding-top: 20px !important;padding-bottom: 20px !important;}&#8221;] EVENTOS Descubra nossos eventos para manter-se atualizado e participar dos que mais lhe interessam. [\/vc_column_text][\/vc_column][vc_column width=&#8221;1\/2&#8243;][vc_column_text css=&#8221;.vc_custom_1587654637257{padding-top: 20px !important;padding-bottom: 20px !important;}&#8221;] NOT\u00cdCIAS Descubra as...\" \/>\n<meta property=\"og:url\" content=\"https:\/\/madeinyou.crm.habber.com\/pt\/actualidad\/\" \/>\n<meta property=\"og:site_name\" content=\"Habber Tec\" \/>\n<meta property=\"article:modified_time\" content=\"2020-06-04T15:17:06+00:00\" \/>\n<meta name=\"twitter:card\" content=\"summary_large_image\" \/>\n<meta name=\"twitter:label1\" content=\"Tempo estimado de leitura\" \/>\n\t<meta name=\"twitter:data1\" content=\"1 minuto\" \/>\n<script type=\"application\/ld+json\" class=\"yoast-schema-graph\">{\"@context\":\"https:\/\/schema.org\",\"@graph\":[{\"@type\":\"WebPage\",\"@id\":\"https:\/\/madeinyou.crm.habber.com\/pt\/actualidad\/\",\"url\":\"https:\/\/madeinyou.crm.habber.com\/pt\/actualidad\/\",\"name\":\"ACTUAL - Habber Tec\",\"isPartOf\":{\"@id\":\"https:\/\/madeinyou.crm.habber.com\/#website\"},\"datePublished\":\"2020-04-07T09:24:01+00:00\",\"dateModified\":\"2020-06-04T15:17:06+00:00\",\"breadcrumb\":{\"@id\":\"https:\/\/madeinyou.crm.habber.com\/pt\/actualidad\/#breadcrumb\"},\"inLanguage\":\"pt-PT\",\"potentialAction\":[{\"@type\":\"ReadAction\",\"target\":[\"https:\/\/madeinyou.crm.habber.com\/pt\/actualidad\/\"]}]},{\"@type\":\"BreadcrumbList\",\"@id\":\"https:\/\/madeinyou.crm.habber.com\/pt\/actualidad\/#breadcrumb\",\"itemListElement\":[{\"@type\":\"ListItem\",\"position\":1,\"name\":\"Portada\",\"item\":\"https:\/\/madeinyou.crm.habber.com\/\"},{\"@type\":\"ListItem\",\"position\":2,\"name\":\"ACTUAL\"}]},{\"@type\":\"WebSite\",\"@id\":\"https:\/\/madeinyou.crm.habber.com\/#website\",\"url\":\"https:\/\/madeinyou.crm.habber.com\/\",\"name\":\"Habber Tec\",\"description\":\"Spirit of innovation\",\"potentialAction\":[{\"@type\":\"SearchAction\",\"target\":{\"@type\":\"EntryPoint\",\"urlTemplate\":\"https:\/\/madeinyou.crm.habber.com\/?s={search_term_string}\"},\"query-input\":{\"@type\":\"PropertyValueSpecification\",\"valueRequired\":true,\"valueName\":\"search_term_string\"}}],\"inLanguage\":\"pt-PT\"}]}<\/script>\n<!-- \/ Yoast SEO plugin. -->","yoast_head_json":{"title":"ACTUAL - Habber Tec","robots":{"index":"index","follow":"follow","max-snippet":"max-snippet:-1","max-image-preview":"max-image-preview:large","max-video-preview":"max-video-preview:-1"},"canonical":"https:\/\/madeinyou.crm.habber.com\/pt\/actualidad\/","og_locale":"pt_PT","og_type":"article","og_title":"ACTUAL - Habber Tec","og_description":"[vc_row css_animation=&#8221;&#8221; row_type=&#8221;row&#8221; use_row_as_full_screen_section=&#8221;yes&#8221; type=&#8221;grid&#8221; angled_section=&#8221;no&#8221; text_align=&#8221;center&#8221; background_image_as_pattern=&#8221;without_pattern&#8221; row_negative_margin=&#8221;disable_negative_margin&#8221; z_index=&#8221;&#8221; css=&#8221;.vc_custom_1587037715765{padding-top: 40px !important;padding-bottom: 20px !important;}&#8221;][vc_column width=&#8221;1\/2&#8243;][vc_column_text css=&#8221;.vc_custom_1587654656918{padding-top: 20px !important;padding-bottom: 20px !important;}&#8221;] EVENTOS Descubra nossos eventos para manter-se atualizado e participar dos que mais lhe interessam. [\/vc_column_text][\/vc_column][vc_column width=&#8221;1\/2&#8243;][vc_column_text css=&#8221;.vc_custom_1587654637257{padding-top: 20px !important;padding-bottom: 20px !important;}&#8221;] NOT\u00cdCIAS Descubra as...","og_url":"https:\/\/madeinyou.crm.habber.com\/pt\/actualidad\/","og_site_name":"Habber Tec","article_modified_time":"2020-06-04T15:17:06+00:00","twitter_card":"summary_large_image","twitter_misc":{"Tempo estimado de leitura":"1 minuto"},"schema":{"@context":"https:\/\/schema.org","@graph":[{"@type":"WebPage","@id":"https:\/\/madeinyou.crm.habber.com\/pt\/actualidad\/","url":"https:\/\/madeinyou.crm.habber.com\/pt\/actualidad\/","name":"ACTUAL - Habber Tec","isPartOf":{"@id":"https:\/\/madeinyou.crm.habber.com\/#website"},"datePublished":"2020-04-07T09:24:01+00:00","dateModified":"2020-06-04T15:17:06+00:00","breadcrumb":{"@id":"https:\/\/madeinyou.crm.habber.com\/pt\/actualidad\/#breadcrumb"},"inLanguage":"pt-PT","potentialAction":[{"@type":"ReadAction","target":["https:\/\/madeinyou.crm.habber.com\/pt\/actualidad\/"]}]},{"@type":"BreadcrumbList","@id":"https:\/\/madeinyou.crm.habber.com\/pt\/actualidad\/#breadcrumb","itemListElement":[{"@type":"ListItem","position":1,"name":"Portada","item":"https:\/\/madeinyou.crm.habber.com\/"},{"@type":"ListItem","position":2,"name":"ACTUAL"}]},{"@type":"WebSite","@id":"https:\/\/madeinyou.crm.habber.com\/#website","url":"https:\/\/madeinyou.crm.habber.com\/","name":"Habber Tec","description":"Spirit of innovation","potentialAction":[{"@type":"SearchAction","target":{"@type":"EntryPoint","urlTemplate":"https:\/\/madeinyou.crm.habber.com\/?s={search_term_string}"},"query-input":{"@type":"PropertyValueSpecification","valueRequired":true,"valueName":"search_term_string"}}],"inLanguage":"pt-PT"}]}},"_links":{"self":[{"href":"https:\/\/madeinyou.crm.habber.com\/pt\/wp-json\/wp\/v2\/pages\/461","targetHints":{"allow":["GET"]}}],"collection":[{"href":"https:\/\/madeinyou.crm.habber.com\/pt\/wp-json\/wp\/v2\/pages"}],"about":[{"href":"https:\/\/madeinyou.crm.habber.com\/pt\/wp-json\/wp\/v2\/types\/page"}],"author":[{"embeddable":true,"href":"https:\/\/madeinyou.crm.habber.com\/pt\/wp-json\/wp\/v2\/users\/1"}],"replies":[{"embeddable":true,"href":"https:\/\/madeinyou.crm.habber.com\/pt\/wp-json\/wp\/v2\/comments?post=461"}],"version-history":[{"count":24,"href":"https:\/\/madeinyou.crm.habber.com\/pt\/wp-json\/wp\/v2\/pages\/461\/revisions"}],"predecessor-version":[{"id":1819,"href":"https:\/\/madeinyou.crm.habber.com\/pt\/wp-json\/wp\/v2\/pages\/461\/revisions\/1819"}],"wp:attachment":[{"href":"https:\/\/madeinyou.crm.habber.com\/pt\/wp-json\/wp\/v2\/media?parent=461"}],"curies":[{"name":"wp","href":"https:\/\/api.w.org\/{rel}","templated":true}]}}