{"id":517,"date":"2020-04-08T09:26:07","date_gmt":"2020-04-08T09:26:07","guid":{"rendered":"https:\/\/madeinyou.crm.habber.com\/?page_id=517"},"modified":"2020-06-03T16:53:48","modified_gmt":"2020-06-03T16:53:48","slug":"soluciones","status":"publish","type":"page","link":"https:\/\/madeinyou.crm.habber.com\/pt\/soluciones\/","title":{"rendered":"SOLU\u00c7\u00d5ES"},"content":{"rendered":"<div class=\"wpb-content-wrapper\"><p>[vc_row css_animation=&#8221;&#8221; row_type=&#8221;row&#8221; use_row_as_full_screen_section=&#8221;yes&#8221; type=&#8221;full_width&#8221; angled_section=&#8221;no&#8221; text_align=&#8221;left&#8221; background_image_as_pattern=&#8221;without_pattern&#8221; row_negative_margin=&#8221;disable_negative_margin&#8221; z_index=&#8221;&#8221;][vc_column][rev_slider_vc alias=&#8221;soluciones_PT&#8221;][\/vc_column][\/vc_row][vc_row css_animation=&#8221;&#8221; row_type=&#8221;row&#8221; use_row_as_full_screen_section=&#8221;no&#8221; type=&#8221;full_width&#8221; angled_section=&#8221;no&#8221; text_align=&#8221;left&#8221; background_image_as_pattern=&#8221;without_pattern&#8221; background_color=&#8221;#f4f4f4&#8243; row_negative_margin=&#8221;disable_negative_margin&#8221; padding_top=&#8221;40&#8243; padding_bottom=&#8221;40&#8243; z_index=&#8221;&#8221;][vc_column][vc_column_text]<\/p>\n<h1 style=\"text-align: center; color: #999999;\">SOLUCIONES HABBER TEC<\/h1>\n<p>[\/vc_column_text][\/vc_column][\/vc_row][vc_row css_animation=&#8221;&#8221; row_type=&#8221;row&#8221; use_row_as_full_screen_section=&#8221;no&#8221; type=&#8221;grid&#8221; angled_section=&#8221;no&#8221; text_align=&#8221;left&#8221; background_image_as_pattern=&#8221;without_pattern&#8221; padding_bottom=&#8221;40&#8243; z_index=&#8221;&#8221;][vc_column width=&#8221;1\/4&#8243;][vc_single_image image=&#8221;826&#8243; img_size=&#8221;100&#215;100&#8243; alignment=&#8221;center&#8221; onclick=&#8221;custom_link&#8221; qode_css_animation=&#8221;&#8221; link=&#8221;https:\/\/habber.com\/soluciones\/digital\/&#8221; css=&#8221;.vc_custom_1586945817524{padding-top: 20px !important;padding-bottom: 20px !important;}&#8221;][vc_column_text]<\/p>\n<h1 style=\"text-align: center; color: #92c552;\">DIGITAL<\/h1>\n<p>[\/vc_column_text][vc_column_text css=&#8221;.vc_custom_1589276071182{padding-top: 20px !important;padding-bottom: 20px !important;}&#8221;]<\/p>\n<h5 style=\"text-align: center;\">A transforma\u00e7\u00e3o digital <strong>muda a forma tradicional de controlar e gerir os neg\u00f3cios<\/strong> para novas formas de funcionamento orientadas para a tecnologia.<\/h5>\n<p>[\/vc_column_text][\/vc_column][vc_column width=&#8221;1\/4&#8243;][vc_single_image image=&#8221;827&#8243; img_size=&#8221;100&#215;100&#8243; alignment=&#8221;center&#8221; onclick=&#8221;custom_link&#8221; qode_css_animation=&#8221;&#8221; link=&#8221;https:\/\/habber.com\/soluciones\/data&#8221; css=&#8221;.vc_custom_1586945829022{padding-top: 20px !important;padding-bottom: 20px !important;}&#8221;][vc_column_text]<\/p>\n<h1 style=\"text-align: center; color: #fcb931;\">DATA<\/h1>\n<p>[\/vc_column_text][vc_column_text css=&#8221;.vc_custom_1589276086359{padding-top: 20px !important;padding-bottom: 20px !important;}&#8221;]<\/p>\n<h5 style=\"text-align: center;\">Os dados <strong>s\u00e3o fundamentais para desbloquear novos conte\u00fados e conhecimentos<\/strong>, estabelecendo uma \u00fanica vers\u00e3o da realidade.<\/h5>\n<p>[\/vc_column_text][\/vc_column][vc_column width=&#8221;1\/4&#8243;][vc_single_image image=&#8221;828&#8243; img_size=&#8221;100&#215;100&#8243; alignment=&#8221;center&#8221; onclick=&#8221;custom_link&#8221; qode_css_animation=&#8221;&#8221; link=&#8221;https:\/\/habber.com\/soluciones\/ai&#8221; css=&#8221;.vc_custom_1586945839464{padding-top: 20px !important;padding-bottom: 20px !important;}&#8221;][vc_column_text]<\/p>\n<h1 style=\"text-align: center; color: #149193;\">AI<\/h1>\n<p>[\/vc_column_text][vc_column_text css=&#8221;.vc_custom_1589276102975{padding-top: 20px !important;padding-bottom: 20px !important;}&#8221;]<\/p>\n<h5 style=\"text-align: center;\">Incorporamos uma gama de tecnologias para <strong>criar aplica\u00e7\u00f5es cognitivas<\/strong> de forma r\u00e1pida e segura, permitindo-nos reinventar neg\u00f3cios e transformar ind\u00fastrias.<\/h5>\n<p>[\/vc_column_text][\/vc_column][vc_column width=&#8221;1\/4&#8243;][vc_single_image image=&#8221;822&#8243; img_size=&#8221;100&#215;100&#8243; alignment=&#8221;center&#8221; onclick=&#8221;custom_link&#8221; qode_css_animation=&#8221;&#8221; link=&#8221;https:\/\/habber.com\/soluciones\/ai&#8221; css=&#8221;.vc_custom_1586945851516{padding-top: 20px !important;padding-bottom: 20px !important;}&#8221;][vc_column_text]<\/p>\n<h1 style=\"text-align: center; color: #006a7d;\">CLOUD<\/h1>\n<p>[\/vc_column_text][vc_column_text css=&#8221;.vc_custom_1589276149969{padding-top: 20px !important;padding-bottom: 20px !important;}&#8221;]<\/p>\n<h5 style=\"text-align: center;\">Oferecemos arquitecturas h\u00edbridas e multi-cloud <strong>baseadas em plataformas abertas<\/strong> que permitem incorporar de forma \u00e1gil as novas tecnologias que est\u00e3o a transformar as empresas.<\/h5>\n<p>[\/vc_column_text][\/vc_column][\/vc_row][vc_row css_animation=&#8221;&#8221; row_type=&#8221;row&#8221; use_row_as_full_screen_section=&#8221;no&#8221; type=&#8221;grid&#8221; angled_section=&#8221;no&#8221; text_align=&#8221;left&#8221; background_image_as_pattern=&#8221;without_pattern&#8221; background_color=&#8221;#f9f9f9&#8243; padding_top=&#8221;40&#8243; padding_bottom=&#8221;40&#8243; z_index=&#8221;&#8221;][vc_column][vc_row_inner row_type=&#8221;row&#8221; type=&#8221;full_width&#8221; text_align=&#8221;left&#8221; css_animation=&#8221;&#8221;][vc_column_inner width=&#8221;1\/6&#8243;][\/vc_column_inner][vc_column_inner width=&#8221;2\/3&#8243;][vc_single_image image=&#8221;1177&#8243; img_size=&#8221;50&#215;50&#8243; alignment=&#8221;center&#8221; qode_css_animation=&#8221;&#8221; css=&#8221;.vc_custom_1588619996181{padding-top: 20px !important;padding-bottom: 20px !important;}&#8221;][vc_column_text]<\/p>\n<h2 style=\"text-align: center; color: #65908c;\">SOLU\u00c7\u00d5ES COM A TECNOLOGIA IBM<\/h2>\n<p>[\/vc_column_text][vc_column_text css=&#8221;.vc_custom_1588622000327{padding-top: 30px !important;padding-bottom: 40px !important;}&#8221;]<\/p>\n<h5 style=\"text-align: center;\">Criamos solu\u00e7\u00f5es de neg\u00f3cios com as mais recentes tecnologias da IBM.<br \/>\nAprenda sobre alguns deles e como nossos clientes foram bem-sucedidos.<\/h5>\n<p>[\/vc_column_text][\/vc_column_inner][vc_column_inner width=&#8221;1\/6&#8243;][\/vc_column_inner][\/vc_row_inner]<div class='projects_holder_outer v4 portfolio_with_space portfolio_standard'><div class='projects_holder portfolio_main_holder clearfix v4 standard portfolio_full_image '>\n<article class='mix portfolio_category_75 ' style=''><div class='image_holder'><a itemprop='url' class='portfolio_link_for_touch' href='https:\/\/madeinyou.crm.habber.com\/pt\/portfolio_page\/order2cash-automation\/' target='_self'><span class='image'><img loading=\"lazy\" decoding=\"async\" width=\"300\" height=\"300\" src=\"https:\/\/madeinyou.crm.habber.com\/wp-content\/uploads\/2020\/04\/Orden-to-cash-e1587924353491.jpg\" class=\"attachment-full size-full wp-post-image\" alt=\"\" \/><\/span><\/a><span class='text_holder'><span class='text_outer'><span class='text_inner'><span class='feature_holder'><\/span><\/span><\/span><\/span><\/div><div class='portfolio_description '><h3 itemprop=\"name\" class=\"portfolio_title entry_title\"><a itemprop=\"url\" href=\"https:\/\/madeinyou.crm.habber.com\/pt\/portfolio_page\/order2cash-automation\/\"  target=\"_self\">Order2Cash Automa\u00e7\u00e3o<\/a><\/h3><\/div><\/article>\n<article class='mix portfolio_category_75 ' style=''><div class='image_holder'><a itemprop='url' class='portfolio_link_for_touch' href='https:\/\/madeinyou.crm.habber.com\/pt\/portfolio_page\/credit-scoring-cognitive-automation\/' target='_self'><span class='image'><img loading=\"lazy\" decoding=\"async\" width=\"300\" height=\"301\" src=\"https:\/\/madeinyou.crm.habber.com\/wp-content\/uploads\/2020\/04\/cognitive-e1587924293350.jpg\" class=\"attachment-full size-full wp-post-image\" alt=\"\" \/><\/span><\/a><span class='text_holder'><span class='text_outer'><span class='text_inner'><span class='feature_holder'><\/span><\/span><\/span><\/span><\/div><div class='portfolio_description '><h3 itemprop=\"name\" class=\"portfolio_title entry_title\"><a itemprop=\"url\" href=\"https:\/\/madeinyou.crm.habber.com\/pt\/portfolio_page\/credit-scoring-cognitive-automation\/\"  target=\"_self\">Automa\u00e7\u00e3o Cognitiva de Pontua\u00e7\u00e3o de Cr\u00e9dito<\/a><\/h3><\/div><\/article>\n<div class='filler'><\/div>\n<div class='filler'><\/div>\n<div class='filler'><\/div>\n<div class='filler'><\/div>\n<\/div><\/div>[\/vc_column][\/vc_row]<\/p>\n<\/div>","protected":false},"excerpt":{"rendered":"<p>[vc_row css_animation=&#8221;&#8221; row_type=&#8221;row&#8221; use_row_as_full_screen_section=&#8221;yes&#8221; type=&#8221;full_width&#8221; angled_section=&#8221;no&#8221; text_align=&#8221;left&#8221; background_image_as_pattern=&#8221;without_pattern&#8221; row_negative_margin=&#8221;disable_negative_margin&#8221; z_index=&#8221;&#8221;][vc_column][rev_slider_vc alias=&#8221;soluciones_PT&#8221;][\/vc_column][\/vc_row][vc_row css_animation=&#8221;&#8221; row_type=&#8221;row&#8221; use_row_as_full_screen_section=&#8221;no&#8221; type=&#8221;full_width&#8221; angled_section=&#8221;no&#8221; text_align=&#8221;left&#8221; background_image_as_pattern=&#8221;without_pattern&#8221; background_color=&#8221;#f4f4f4&#8243; row_negative_margin=&#8221;disable_negative_margin&#8221; padding_top=&#8221;40&#8243; padding_bottom=&#8221;40&#8243; z_index=&#8221;&#8221;][vc_column][vc_column_text] SOLUCIONES HABBER TEC [\/vc_column_text][\/vc_column][\/vc_row][vc_row css_animation=&#8221;&#8221; row_type=&#8221;row&#8221; use_row_as_full_screen_section=&#8221;no&#8221; type=&#8221;grid&#8221; angled_section=&#8221;no&#8221; text_align=&#8221;left&#8221; background_image_as_pattern=&#8221;without_pattern&#8221; padding_bottom=&#8221;40&#8243; z_index=&#8221;&#8221;][vc_column width=&#8221;1\/4&#8243;][vc_single_image image=&#8221;826&#8243; img_size=&#8221;100&#215;100&#8243; alignment=&#8221;center&#8221; onclick=&#8221;custom_link&#8221; qode_css_animation=&#8221;&#8221; link=&#8221;https:\/\/habber.com\/soluciones\/digital\/&#8221; css=&#8221;.vc_custom_1586945817524{padding-top: 20px&#8230;<\/p>\n","protected":false},"author":1,"featured_media":0,"parent":0,"menu_order":0,"comment_status":"closed","ping_status":"closed","template":"full_width.php","meta":{"footnotes":""},"class_list":["post-517","page","type-page","status-publish","hentry"],"yoast_head":"<!-- This site is optimized with the Yoast SEO plugin v26.9 - https:\/\/yoast.com\/product\/yoast-seo-wordpress\/ -->\n<title>SOLU\u00c7\u00d5ES - Habber Tec<\/title>\n<meta name=\"robots\" content=\"index, follow, max-snippet:-1, max-image-preview:large, max-video-preview:-1\" \/>\n<link rel=\"canonical\" href=\"https:\/\/madeinyou.crm.habber.com\/soluciones\/\" \/>\n<meta property=\"og:locale\" content=\"pt_PT\" \/>\n<meta property=\"og:type\" content=\"article\" \/>\n<meta property=\"og:title\" content=\"SOLU\u00c7\u00d5ES - Habber Tec\" \/>\n<meta property=\"og:description\" content=\"[vc_row css_animation=&#8221;&#8221; row_type=&#8221;row&#8221; use_row_as_full_screen_section=&#8221;yes&#8221; type=&#8221;full_width&#8221; angled_section=&#8221;no&#8221; text_align=&#8221;left&#8221; background_image_as_pattern=&#8221;without_pattern&#8221; row_negative_margin=&#8221;disable_negative_margin&#8221; z_index=&#8221;&#8221;][vc_column][rev_slider_vc alias=&#8221;soluciones_PT&#8221;][\/vc_column][\/vc_row][vc_row css_animation=&#8221;&#8221; row_type=&#8221;row&#8221; use_row_as_full_screen_section=&#8221;no&#8221; type=&#8221;full_width&#8221; angled_section=&#8221;no&#8221; text_align=&#8221;left&#8221; background_image_as_pattern=&#8221;without_pattern&#8221; background_color=&#8221;#f4f4f4&#8243; row_negative_margin=&#8221;disable_negative_margin&#8221; padding_top=&#8221;40&#8243; padding_bottom=&#8221;40&#8243; z_index=&#8221;&#8221;][vc_column][vc_column_text] SOLUCIONES HABBER TEC [\/vc_column_text][\/vc_column][\/vc_row][vc_row css_animation=&#8221;&#8221; row_type=&#8221;row&#8221; use_row_as_full_screen_section=&#8221;no&#8221; type=&#8221;grid&#8221; angled_section=&#8221;no&#8221; text_align=&#8221;left&#8221; background_image_as_pattern=&#8221;without_pattern&#8221; padding_bottom=&#8221;40&#8243; z_index=&#8221;&#8221;][vc_column width=&#8221;1\/4&#8243;][vc_single_image image=&#8221;826&#8243; img_size=&#8221;100&#215;100&#8243; alignment=&#8221;center&#8221; onclick=&#8221;custom_link&#8221; qode_css_animation=&#8221;&#8221; link=&#8221;https:\/\/habber.com\/soluciones\/digital\/&#8221; css=&#8221;.vc_custom_1586945817524{padding-top: 20px...\" \/>\n<meta property=\"og:url\" content=\"https:\/\/madeinyou.crm.habber.com\/soluciones\/\" \/>\n<meta property=\"og:site_name\" content=\"Habber Tec\" \/>\n<meta property=\"article:modified_time\" content=\"2020-06-03T16:53:48+00:00\" \/>\n<meta name=\"twitter:card\" content=\"summary_large_image\" \/>\n<meta name=\"twitter:label1\" content=\"Tempo estimado de leitura\" \/>\n\t<meta name=\"twitter:data1\" content=\"3 minutos\" \/>\n<script type=\"application\/ld+json\" class=\"yoast-schema-graph\">{\"@context\":\"https:\/\/schema.org\",\"@graph\":[{\"@type\":\"WebPage\",\"@id\":\"https:\/\/madeinyou.crm.habber.com\/soluciones\/\",\"url\":\"https:\/\/madeinyou.crm.habber.com\/soluciones\/\",\"name\":\"SOLU\u00c7\u00d5ES - Habber Tec\",\"isPartOf\":{\"@id\":\"https:\/\/madeinyou.crm.habber.com\/#website\"},\"datePublished\":\"2020-04-08T09:26:07+00:00\",\"dateModified\":\"2020-06-03T16:53:48+00:00\",\"breadcrumb\":{\"@id\":\"https:\/\/madeinyou.crm.habber.com\/soluciones\/#breadcrumb\"},\"inLanguage\":\"pt-PT\",\"potentialAction\":[{\"@type\":\"ReadAction\",\"target\":[\"https:\/\/madeinyou.crm.habber.com\/soluciones\/\"]}]},{\"@type\":\"BreadcrumbList\",\"@id\":\"https:\/\/madeinyou.crm.habber.com\/soluciones\/#breadcrumb\",\"itemListElement\":[{\"@type\":\"ListItem\",\"position\":1,\"name\":\"Portada\",\"item\":\"https:\/\/madeinyou.crm.habber.com\/\"},{\"@type\":\"ListItem\",\"position\":2,\"name\":\"SOLUCIONES\"}]},{\"@type\":\"WebSite\",\"@id\":\"https:\/\/madeinyou.crm.habber.com\/#website\",\"url\":\"https:\/\/madeinyou.crm.habber.com\/\",\"name\":\"Habber Tec\",\"description\":\"Spirit of innovation\",\"potentialAction\":[{\"@type\":\"SearchAction\",\"target\":{\"@type\":\"EntryPoint\",\"urlTemplate\":\"https:\/\/madeinyou.crm.habber.com\/?s={search_term_string}\"},\"query-input\":{\"@type\":\"PropertyValueSpecification\",\"valueRequired\":true,\"valueName\":\"search_term_string\"}}],\"inLanguage\":\"pt-PT\"}]}<\/script>\n<!-- \/ Yoast SEO plugin. -->","yoast_head_json":{"title":"SOLU\u00c7\u00d5ES - Habber Tec","robots":{"index":"index","follow":"follow","max-snippet":"max-snippet:-1","max-image-preview":"max-image-preview:large","max-video-preview":"max-video-preview:-1"},"canonical":"https:\/\/madeinyou.crm.habber.com\/soluciones\/","og_locale":"pt_PT","og_type":"article","og_title":"SOLU\u00c7\u00d5ES - Habber Tec","og_description":"[vc_row css_animation=&#8221;&#8221; row_type=&#8221;row&#8221; use_row_as_full_screen_section=&#8221;yes&#8221; type=&#8221;full_width&#8221; angled_section=&#8221;no&#8221; text_align=&#8221;left&#8221; background_image_as_pattern=&#8221;without_pattern&#8221; row_negative_margin=&#8221;disable_negative_margin&#8221; z_index=&#8221;&#8221;][vc_column][rev_slider_vc alias=&#8221;soluciones_PT&#8221;][\/vc_column][\/vc_row][vc_row css_animation=&#8221;&#8221; row_type=&#8221;row&#8221; use_row_as_full_screen_section=&#8221;no&#8221; type=&#8221;full_width&#8221; angled_section=&#8221;no&#8221; text_align=&#8221;left&#8221; background_image_as_pattern=&#8221;without_pattern&#8221; background_color=&#8221;#f4f4f4&#8243; row_negative_margin=&#8221;disable_negative_margin&#8221; padding_top=&#8221;40&#8243; padding_bottom=&#8221;40&#8243; z_index=&#8221;&#8221;][vc_column][vc_column_text] SOLUCIONES HABBER TEC [\/vc_column_text][\/vc_column][\/vc_row][vc_row css_animation=&#8221;&#8221; row_type=&#8221;row&#8221; use_row_as_full_screen_section=&#8221;no&#8221; type=&#8221;grid&#8221; angled_section=&#8221;no&#8221; text_align=&#8221;left&#8221; background_image_as_pattern=&#8221;without_pattern&#8221; padding_bottom=&#8221;40&#8243; z_index=&#8221;&#8221;][vc_column width=&#8221;1\/4&#8243;][vc_single_image image=&#8221;826&#8243; img_size=&#8221;100&#215;100&#8243; alignment=&#8221;center&#8221; onclick=&#8221;custom_link&#8221; qode_css_animation=&#8221;&#8221; link=&#8221;https:\/\/habber.com\/soluciones\/digital\/&#8221; css=&#8221;.vc_custom_1586945817524{padding-top: 20px...","og_url":"https:\/\/madeinyou.crm.habber.com\/soluciones\/","og_site_name":"Habber Tec","article_modified_time":"2020-06-03T16:53:48+00:00","twitter_card":"summary_large_image","twitter_misc":{"Tempo estimado de leitura":"3 minutos"},"schema":{"@context":"https:\/\/schema.org","@graph":[{"@type":"WebPage","@id":"https:\/\/madeinyou.crm.habber.com\/soluciones\/","url":"https:\/\/madeinyou.crm.habber.com\/soluciones\/","name":"SOLU\u00c7\u00d5ES - Habber Tec","isPartOf":{"@id":"https:\/\/madeinyou.crm.habber.com\/#website"},"datePublished":"2020-04-08T09:26:07+00:00","dateModified":"2020-06-03T16:53:48+00:00","breadcrumb":{"@id":"https:\/\/madeinyou.crm.habber.com\/soluciones\/#breadcrumb"},"inLanguage":"pt-PT","potentialAction":[{"@type":"ReadAction","target":["https:\/\/madeinyou.crm.habber.com\/soluciones\/"]}]},{"@type":"BreadcrumbList","@id":"https:\/\/madeinyou.crm.habber.com\/soluciones\/#breadcrumb","itemListElement":[{"@type":"ListItem","position":1,"name":"Portada","item":"https:\/\/madeinyou.crm.habber.com\/"},{"@type":"ListItem","position":2,"name":"SOLUCIONES"}]},{"@type":"WebSite","@id":"https:\/\/madeinyou.crm.habber.com\/#website","url":"https:\/\/madeinyou.crm.habber.com\/","name":"Habber Tec","description":"Spirit of innovation","potentialAction":[{"@type":"SearchAction","target":{"@type":"EntryPoint","urlTemplate":"https:\/\/madeinyou.crm.habber.com\/?s={search_term_string}"},"query-input":{"@type":"PropertyValueSpecification","valueRequired":true,"valueName":"search_term_string"}}],"inLanguage":"pt-PT"}]}},"_links":{"self":[{"href":"https:\/\/madeinyou.crm.habber.com\/pt\/wp-json\/wp\/v2\/pages\/517","targetHints":{"allow":["GET"]}}],"collection":[{"href":"https:\/\/madeinyou.crm.habber.com\/pt\/wp-json\/wp\/v2\/pages"}],"about":[{"href":"https:\/\/madeinyou.crm.habber.com\/pt\/wp-json\/wp\/v2\/types\/page"}],"author":[{"embeddable":true,"href":"https:\/\/madeinyou.crm.habber.com\/pt\/wp-json\/wp\/v2\/users\/1"}],"replies":[{"embeddable":true,"href":"https:\/\/madeinyou.crm.habber.com\/pt\/wp-json\/wp\/v2\/comments?post=517"}],"version-history":[{"count":21,"href":"https:\/\/madeinyou.crm.habber.com\/pt\/wp-json\/wp\/v2\/pages\/517\/revisions"}],"predecessor-version":[{"id":1756,"href":"https:\/\/madeinyou.crm.habber.com\/pt\/wp-json\/wp\/v2\/pages\/517\/revisions\/1756"}],"wp:attachment":[{"href":"https:\/\/madeinyou.crm.habber.com\/pt\/wp-json\/wp\/v2\/media?parent=517"}],"curies":[{"name":"wp","href":"https:\/\/api.w.org\/{rel}","templated":true}]}}