{"id":785,"date":"2020-04-12T17:58:33","date_gmt":"2020-04-12T17:58:33","guid":{"rendered":"https:\/\/madeinyou.crm.habber.com\/?page_id=785"},"modified":"2020-05-14T17:38:32","modified_gmt":"2020-05-14T17:38:32","slug":"data","status":"publish","type":"page","link":"https:\/\/madeinyou.crm.habber.com\/pt\/soluciones\/data\/","title":{"rendered":"DATA"},"content":{"rendered":"<div class=\"wpb-content-wrapper\"><p>[vc_row css_animation=&#8221;&#8221; row_type=&#8221;row&#8221; use_row_as_full_screen_section=&#8221;no&#8221; type=&#8221;full_width&#8221; angled_section=&#8221;no&#8221; text_align=&#8221;left&#8221; background_image_as_pattern=&#8221;without_pattern&#8221;][vc_column][rev_slider_vc alias=&#8221;data_es&#8221;][\/vc_column][\/vc_row][vc_row css_animation=&#8221;&#8221; row_type=&#8221;row&#8221; use_row_as_full_screen_section=&#8221;no&#8221; type=&#8221;full_width&#8221; angled_section=&#8221;no&#8221; text_align=&#8221;left&#8221; background_image_as_pattern=&#8221;without_pattern&#8221; background_color=&#8221;#fcb931&#8243; padding_top=&#8221;40&#8243; padding_bottom=&#8221;40&#8243; z_index=&#8221;&#8221;][vc_column width=&#8221;1\/6&#8243;][\/vc_column][vc_column width=&#8221;2\/3&#8243;][vc_column_text]<\/p>\n<h4 style=\"text-align: center; color: white;\">Os dados s\u00e3o o petr\u00f3leo da era digital. A Internet e os smartphones tornaram a informa\u00e7\u00e3o mais abundante, omnipresente e valiosa. <strong>As empresas mais valorizadas s\u00e3o as que destilam e aplicam intelig\u00eancia em toda essa mat\u00e9ria-prima<\/strong> para gerar receitas e crescimento. Ajudamos as organiza\u00e7\u00f5es a colaborar atrav\u00e9s de uma vis\u00e3o consistente e global dos dados e a trabalhar com eles para extrair o m\u00e1ximo valor.<\/h4>\n<p>[\/vc_column_text][\/vc_column][vc_column width=&#8221;1\/6&#8243;][\/vc_column][\/vc_row][vc_row css_animation=&#8221;&#8221; row_type=&#8221;row&#8221; use_row_as_full_screen_section=&#8221;no&#8221; type=&#8221;full_width&#8221; angled_section=&#8221;no&#8221; text_align=&#8221;left&#8221; background_image_as_pattern=&#8221;without_pattern&#8221; background_color=&#8221;#f2f2f2&#8243; padding_top=&#8221;50&#8243; padding_bottom=&#8221;50&#8243; z_index=&#8221;&#8221;][vc_column width=&#8221;1\/3&#8243;][\/vc_column][vc_column width=&#8221;1\/3&#8243;][vc_single_image image=&#8221;995&#8243; img_size=&#8221;full&#8221; alignment=&#8221;center&#8221; qode_css_animation=&#8221;&#8221; css=&#8221;.vc_custom_1586940686522{margin-right: 70px !important;margin-left: 70px !important;}&#8221;][\/vc_column][vc_column width=&#8221;1\/3&#8243;][\/vc_column][\/vc_row][vc_row css_animation=&#8221;&#8221; row_type=&#8221;row&#8221; use_row_as_full_screen_section=&#8221;no&#8221; type=&#8221;grid&#8221; angled_section=&#8221;no&#8221; text_align=&#8221;left&#8221; background_image_as_pattern=&#8221;without_pattern&#8221; padding_top=&#8221;20&#8243; padding_bottom=&#8221;60&#8243; z_index=&#8221;&#8221;][vc_column width=&#8221;1\/3&#8243;][vc_single_image image=&#8221;815&#8243; img_size=&#8221;100&#215;100&#8243; alignment=&#8221;center&#8221; qode_css_animation=&#8221;&#8221; css=&#8221;.vc_custom_1586940700887{padding-top: 15px !important;padding-bottom: 15px !important;}&#8221;][vc_column_text]<\/p>\n<h2 style=\"text-align: center; color: #fcb931;\">BIG DATA<\/h2>\n<p>[\/vc_column_text][vc_column_text css=&#8221;.vc_custom_1589277166730{padding-top: 20px !important;}&#8221;]<\/p>\n<h5 style=\"text-align: left; color: #fcb931;\"><span class=\"d-none d-sm-block\">Oferecemos solu\u00e7\u00f5es que incluem a concep\u00e7\u00e3o, implementa\u00e7\u00e3o e gest\u00e3o de grandes quantidades de dados.<\/span><\/h5>\n<p>[\/vc_column_text][vc_separator type=&#8221;normal&#8221; color=&#8221;#fbbe43&#8243; up=&#8221;20&#8243; down=&#8221;20&#8243;][vc_column_text]Os grandes volumes de informa\u00e7\u00e3o multiestruturada representam uma oportunidade de acesso a <strong>novos conte\u00fados e conhecimentos<\/strong> que respondem a quest\u00f5es capazes de <strong>racionalizar e transformar o neg\u00f3cio<\/strong>. A nossa \u00e1rea de Grandes Dados oferece solu\u00e7\u00f5es que incluem a concep\u00e7\u00e3o, implementa\u00e7\u00e3o e gest\u00e3o de solu\u00e7\u00f5es <strong>Hadoop, In-Memory e Appliances<\/strong> complementadas por an\u00e1lises avan\u00e7adas e <strong>ci\u00eancia de dados<\/strong> em ambientes locais e<strong> multicloud.<\/strong>[\/vc_column_text][\/vc_column][vc_column width=&#8221;1\/3&#8243;][vc_single_image image=&#8221;816&#8243; img_size=&#8221;100&#215;100&#8243; alignment=&#8221;center&#8221; qode_css_animation=&#8221;&#8221; css=&#8221;.vc_custom_1586940708945{padding-top: 15px !important;padding-bottom: 15px !important;}&#8221;][vc_column_text]<\/p>\n<h2 style=\"text-align: center; color: #fcb931;\">INFORMATION<\/h2>\n<p>[\/vc_column_text][vc_column_text css=&#8221;.vc_custom_1589277174106{padding-top: 20px !important;}&#8221;]<\/p>\n<h5 style=\"text-align: left; color: #fcb931;\"><span class=\"d-none d-sm-block\">A gest\u00e3o adequada da informa\u00e7\u00e3o corporativa estabelece uma vers\u00e3o \u00fanica da realidade.<\/span><\/h5>\n<p>[\/vc_column_text][vc_separator type=&#8221;normal&#8221; color=&#8221;#fbbe43&#8243; up=&#8221;20&#8243; down=&#8221;20&#8243;][vc_column_text]Os dados tornaram-se um dos <strong>activos mais importantes para as empresas,<\/strong> mas dever\u00e3o ser fi\u00e1veis e acess\u00edveis de modo a ser poss\u00edvel extrair valor. A gest\u00e3o adequada da informa\u00e7\u00e3o corporativa evita dados incoerentes e redundantes. Atrav\u00e9s das <strong>nossas solu\u00e7\u00f5es de gest\u00e3o, qualidade e governa\u00e7\u00e3o de dados<\/strong>, oferecemos um acesso fi\u00e1vel \u00e0 informa\u00e7\u00e3o para apoiar iniciativas estrat\u00e9gicas de neg\u00f3cio como <strong>grandes dados, an\u00e1lises, migra\u00e7\u00f5es e consolida\u00e7\u00e3o de aplica\u00e7\u00f5es e processos digitais.<\/strong>[\/vc_column_text][\/vc_column][vc_column width=&#8221;1\/3&#8243;][vc_single_image image=&#8221;817&#8243; img_size=&#8221;100&#215;100&#8243; alignment=&#8221;center&#8221; qode_css_animation=&#8221;&#8221; css=&#8221;.vc_custom_1586940717404{padding-top: 15px !important;padding-bottom: 15px !important;}&#8221;][vc_column_text]<\/p>\n<h2 style=\"text-align: center; color: #fcb931;\">ANALYTICS<\/h2>\n<p>[\/vc_column_text][vc_column_text css=&#8221;.vc_custom_1589277180147{padding-top: 20px !important;}&#8221;]<\/p>\n<h5 style=\"text-align: left; color: #fcb931;\"><span class=\"d-none d-sm-block\">A an\u00e1lise avan\u00e7ada e preditiva oferece indicadores chave para o neg\u00f3cio.<\/span><\/h5>\n<p>[\/vc_column_text][vc_separator type=&#8221;normal&#8221; color=&#8221;#fbbe43&#8243; up=&#8221;20&#8243; down=&#8221;20&#8243;][vc_column_text]Com o objectivo de melhorar a tomada de decis\u00f5es, <strong>desenvolvemos solu\u00e7\u00f5es de Business Intelligence, solu\u00e7\u00f5es anal\u00edticas e preditivas<\/strong> avan\u00e7adas capazes de aproveitar o potencial dos grandes dados para apresentar indicadores chave para o neg\u00f3cio, tais como o <strong>pre\u00e7o \u00f3ptimo para cada cliente<\/strong>, o risco de incumprimento ou fraude, a rentabilidade por linha de neg\u00f3cio ou a <strong>propens\u00e3o para comprar<\/strong> ou abandonar num determinado momento.[\/vc_column_text][\/vc_column][\/vc_row][vc_row css_animation=&#8221;&#8221; row_type=&#8221;row&#8221; use_row_as_full_screen_section=&#8221;no&#8221; type=&#8221;full_width&#8221; angled_section=&#8221;no&#8221; text_align=&#8221;left&#8221; background_image_as_pattern=&#8221;without_pattern&#8221; background_color=&#8221;#fcb931&#8243; padding_top=&#8221;40&#8243; padding_bottom=&#8221;40&#8243; z_index=&#8221;&#8221;][vc_column width=&#8221;1\/6&#8243;][\/vc_column][vc_column width=&#8221;2\/3&#8243;][vc_column_text css=&#8221;.vc_custom_1588240487566{padding-bottom: 15px !important;}&#8221;]<\/p>\n<h3 style=\"text-align: center; color: white;\">SOLU\u00c7\u00d5ES APLICADAS COM DATA<\/h3>\n<p>[\/vc_column_text][vc_column_text css=&#8221;.vc_custom_1589277228204{padding-bottom: 15px !important;}&#8221;]<\/p>\n<h4 style=\"text-align: center; color: white;\">O sucesso da gest\u00e3o da informa\u00e7\u00e3o empresarial depende, em grande parte, <strong>da forma como os dados s\u00e3o tratados atrav\u00e9s da tecnologia<\/strong>. Nesta \u00e1rea encontrar\u00e1 exemplos de solu\u00e7\u00f5es DATA.<\/h4>\n<p>[\/vc_column_text][\/vc_column][vc_column width=&#8221;1\/6&#8243;][\/vc_column][\/vc_row][vc_row css_animation=&#8221;&#8221; row_type=&#8221;row&#8221; use_row_as_full_screen_section=&#8221;yes&#8221; type=&#8221;grid&#8221; angled_section=&#8221;no&#8221; text_align=&#8221;left&#8221; background_image_as_pattern=&#8221;without_pattern&#8221; background_color=&#8221;#f9f9f9&#8243; padding_top=&#8221;40&#8243; padding_bottom=&#8221;40&#8243; z_index=&#8221;&#8221;][vc_column]<div class='q_masonry_blog'><div class=\"q_masonry_blog_grid_sizer\"><\/div><div class=\"q_masonry_blog_grid_gutter\"><\/div><\/div>[\/vc_column][\/vc_row]<\/p>\n<\/div>","protected":false},"excerpt":{"rendered":"<p>[vc_row css_animation=&#8221;&#8221; row_type=&#8221;row&#8221; use_row_as_full_screen_section=&#8221;no&#8221; type=&#8221;full_width&#8221; angled_section=&#8221;no&#8221; text_align=&#8221;left&#8221; background_image_as_pattern=&#8221;without_pattern&#8221;][vc_column][rev_slider_vc alias=&#8221;data_es&#8221;][\/vc_column][\/vc_row][vc_row css_animation=&#8221;&#8221; row_type=&#8221;row&#8221; use_row_as_full_screen_section=&#8221;no&#8221; type=&#8221;full_width&#8221; angled_section=&#8221;no&#8221; text_align=&#8221;left&#8221; background_image_as_pattern=&#8221;without_pattern&#8221; background_color=&#8221;#fcb931&#8243; padding_top=&#8221;40&#8243; padding_bottom=&#8221;40&#8243; z_index=&#8221;&#8221;][vc_column width=&#8221;1\/6&#8243;][\/vc_column][vc_column width=&#8221;2\/3&#8243;][vc_column_text] Os dados s\u00e3o o petr\u00f3leo da era digital. A Internet e os smartphones tornaram a informa\u00e7\u00e3o mais abundante, omnipresente e valiosa. As empresas&#8230;<\/p>\n","protected":false},"author":1,"featured_media":0,"parent":517,"menu_order":2,"comment_status":"closed","ping_status":"closed","template":"full_width.php","meta":{"footnotes":""},"class_list":["post-785","page","type-page","status-publish","hentry"],"yoast_head":"<!-- This site is optimized with the Yoast SEO plugin v26.9 - https:\/\/yoast.com\/product\/yoast-seo-wordpress\/ -->\n<title>DATA - Habber Tec<\/title>\n<meta name=\"robots\" content=\"index, follow, max-snippet:-1, max-image-preview:large, max-video-preview:-1\" \/>\n<link rel=\"canonical\" href=\"https:\/\/madeinyou.crm.habber.com\/soluciones\/data\/\" \/>\n<meta property=\"og:locale\" content=\"pt_PT\" \/>\n<meta property=\"og:type\" content=\"article\" \/>\n<meta property=\"og:title\" content=\"DATA - Habber Tec\" \/>\n<meta property=\"og:description\" content=\"[vc_row css_animation=&#8221;&#8221; row_type=&#8221;row&#8221; use_row_as_full_screen_section=&#8221;no&#8221; type=&#8221;full_width&#8221; angled_section=&#8221;no&#8221; text_align=&#8221;left&#8221; background_image_as_pattern=&#8221;without_pattern&#8221;][vc_column][rev_slider_vc alias=&#8221;data_es&#8221;][\/vc_column][\/vc_row][vc_row css_animation=&#8221;&#8221; row_type=&#8221;row&#8221; use_row_as_full_screen_section=&#8221;no&#8221; type=&#8221;full_width&#8221; angled_section=&#8221;no&#8221; text_align=&#8221;left&#8221; background_image_as_pattern=&#8221;without_pattern&#8221; background_color=&#8221;#fcb931&#8243; padding_top=&#8221;40&#8243; padding_bottom=&#8221;40&#8243; z_index=&#8221;&#8221;][vc_column width=&#8221;1\/6&#8243;][\/vc_column][vc_column width=&#8221;2\/3&#8243;][vc_column_text] Os dados s\u00e3o o petr\u00f3leo da era digital. A Internet e os smartphones tornaram a informa\u00e7\u00e3o mais abundante, omnipresente e valiosa. As empresas...\" \/>\n<meta property=\"og:url\" content=\"https:\/\/madeinyou.crm.habber.com\/soluciones\/data\/\" \/>\n<meta property=\"og:site_name\" content=\"Habber Tec\" \/>\n<meta property=\"article:modified_time\" content=\"2020-05-14T17:38:32+00:00\" \/>\n<meta name=\"twitter:card\" content=\"summary_large_image\" \/>\n<meta name=\"twitter:label1\" content=\"Tempo estimado de leitura\" \/>\n\t<meta name=\"twitter:data1\" content=\"5 minutos\" \/>\n<script type=\"application\/ld+json\" class=\"yoast-schema-graph\">{\"@context\":\"https:\/\/schema.org\",\"@graph\":[{\"@type\":\"WebPage\",\"@id\":\"https:\/\/madeinyou.crm.habber.com\/soluciones\/data\/\",\"url\":\"https:\/\/madeinyou.crm.habber.com\/soluciones\/data\/\",\"name\":\"DATA - Habber Tec\",\"isPartOf\":{\"@id\":\"https:\/\/madeinyou.crm.habber.com\/#website\"},\"datePublished\":\"2020-04-12T17:58:33+00:00\",\"dateModified\":\"2020-05-14T17:38:32+00:00\",\"breadcrumb\":{\"@id\":\"https:\/\/madeinyou.crm.habber.com\/soluciones\/data\/#breadcrumb\"},\"inLanguage\":\"pt-PT\",\"potentialAction\":[{\"@type\":\"ReadAction\",\"target\":[\"https:\/\/madeinyou.crm.habber.com\/soluciones\/data\/\"]}]},{\"@type\":\"BreadcrumbList\",\"@id\":\"https:\/\/madeinyou.crm.habber.com\/soluciones\/data\/#breadcrumb\",\"itemListElement\":[{\"@type\":\"ListItem\",\"position\":1,\"name\":\"Portada\",\"item\":\"https:\/\/madeinyou.crm.habber.com\/\"},{\"@type\":\"ListItem\",\"position\":2,\"name\":\"SOLUCIONES\",\"item\":\"https:\/\/madeinyou.crm.habber.com\/soluciones\/\"},{\"@type\":\"ListItem\",\"position\":3,\"name\":\"DATA\"}]},{\"@type\":\"WebSite\",\"@id\":\"https:\/\/madeinyou.crm.habber.com\/#website\",\"url\":\"https:\/\/madeinyou.crm.habber.com\/\",\"name\":\"Habber Tec\",\"description\":\"Spirit of innovation\",\"potentialAction\":[{\"@type\":\"SearchAction\",\"target\":{\"@type\":\"EntryPoint\",\"urlTemplate\":\"https:\/\/madeinyou.crm.habber.com\/?s={search_term_string}\"},\"query-input\":{\"@type\":\"PropertyValueSpecification\",\"valueRequired\":true,\"valueName\":\"search_term_string\"}}],\"inLanguage\":\"pt-PT\"}]}<\/script>\n<!-- \/ Yoast SEO plugin. -->","yoast_head_json":{"title":"DATA - Habber Tec","robots":{"index":"index","follow":"follow","max-snippet":"max-snippet:-1","max-image-preview":"max-image-preview:large","max-video-preview":"max-video-preview:-1"},"canonical":"https:\/\/madeinyou.crm.habber.com\/soluciones\/data\/","og_locale":"pt_PT","og_type":"article","og_title":"DATA - Habber Tec","og_description":"[vc_row css_animation=&#8221;&#8221; row_type=&#8221;row&#8221; use_row_as_full_screen_section=&#8221;no&#8221; type=&#8221;full_width&#8221; angled_section=&#8221;no&#8221; text_align=&#8221;left&#8221; background_image_as_pattern=&#8221;without_pattern&#8221;][vc_column][rev_slider_vc alias=&#8221;data_es&#8221;][\/vc_column][\/vc_row][vc_row css_animation=&#8221;&#8221; row_type=&#8221;row&#8221; use_row_as_full_screen_section=&#8221;no&#8221; type=&#8221;full_width&#8221; angled_section=&#8221;no&#8221; text_align=&#8221;left&#8221; background_image_as_pattern=&#8221;without_pattern&#8221; background_color=&#8221;#fcb931&#8243; padding_top=&#8221;40&#8243; padding_bottom=&#8221;40&#8243; z_index=&#8221;&#8221;][vc_column width=&#8221;1\/6&#8243;][\/vc_column][vc_column width=&#8221;2\/3&#8243;][vc_column_text] Os dados s\u00e3o o petr\u00f3leo da era digital. A Internet e os smartphones tornaram a informa\u00e7\u00e3o mais abundante, omnipresente e valiosa. As empresas...","og_url":"https:\/\/madeinyou.crm.habber.com\/soluciones\/data\/","og_site_name":"Habber Tec","article_modified_time":"2020-05-14T17:38:32+00:00","twitter_card":"summary_large_image","twitter_misc":{"Tempo estimado de leitura":"5 minutos"},"schema":{"@context":"https:\/\/schema.org","@graph":[{"@type":"WebPage","@id":"https:\/\/madeinyou.crm.habber.com\/soluciones\/data\/","url":"https:\/\/madeinyou.crm.habber.com\/soluciones\/data\/","name":"DATA - Habber Tec","isPartOf":{"@id":"https:\/\/madeinyou.crm.habber.com\/#website"},"datePublished":"2020-04-12T17:58:33+00:00","dateModified":"2020-05-14T17:38:32+00:00","breadcrumb":{"@id":"https:\/\/madeinyou.crm.habber.com\/soluciones\/data\/#breadcrumb"},"inLanguage":"pt-PT","potentialAction":[{"@type":"ReadAction","target":["https:\/\/madeinyou.crm.habber.com\/soluciones\/data\/"]}]},{"@type":"BreadcrumbList","@id":"https:\/\/madeinyou.crm.habber.com\/soluciones\/data\/#breadcrumb","itemListElement":[{"@type":"ListItem","position":1,"name":"Portada","item":"https:\/\/madeinyou.crm.habber.com\/"},{"@type":"ListItem","position":2,"name":"SOLUCIONES","item":"https:\/\/madeinyou.crm.habber.com\/soluciones\/"},{"@type":"ListItem","position":3,"name":"DATA"}]},{"@type":"WebSite","@id":"https:\/\/madeinyou.crm.habber.com\/#website","url":"https:\/\/madeinyou.crm.habber.com\/","name":"Habber Tec","description":"Spirit of innovation","potentialAction":[{"@type":"SearchAction","target":{"@type":"EntryPoint","urlTemplate":"https:\/\/madeinyou.crm.habber.com\/?s={search_term_string}"},"query-input":{"@type":"PropertyValueSpecification","valueRequired":true,"valueName":"search_term_string"}}],"inLanguage":"pt-PT"}]}},"_links":{"self":[{"href":"https:\/\/madeinyou.crm.habber.com\/pt\/wp-json\/wp\/v2\/pages\/785","targetHints":{"allow":["GET"]}}],"collection":[{"href":"https:\/\/madeinyou.crm.habber.com\/pt\/wp-json\/wp\/v2\/pages"}],"about":[{"href":"https:\/\/madeinyou.crm.habber.com\/pt\/wp-json\/wp\/v2\/types\/page"}],"author":[{"embeddable":true,"href":"https:\/\/madeinyou.crm.habber.com\/pt\/wp-json\/wp\/v2\/users\/1"}],"replies":[{"embeddable":true,"href":"https:\/\/madeinyou.crm.habber.com\/pt\/wp-json\/wp\/v2\/comments?post=785"}],"version-history":[{"count":34,"href":"https:\/\/madeinyou.crm.habber.com\/pt\/wp-json\/wp\/v2\/pages\/785\/revisions"}],"predecessor-version":[{"id":1633,"href":"https:\/\/madeinyou.crm.habber.com\/pt\/wp-json\/wp\/v2\/pages\/785\/revisions\/1633"}],"up":[{"embeddable":true,"href":"https:\/\/madeinyou.crm.habber.com\/pt\/wp-json\/wp\/v2\/pages\/517"}],"wp:attachment":[{"href":"https:\/\/madeinyou.crm.habber.com\/pt\/wp-json\/wp\/v2\/media?parent=785"}],"curies":[{"name":"wp","href":"https:\/\/api.w.org\/{rel}","templated":true}]}}