{"id":787,"date":"2020-04-12T18:00:19","date_gmt":"2020-04-12T18:00:19","guid":{"rendered":"https:\/\/madeinyou.crm.habber.com\/?page_id=787"},"modified":"2020-06-03T17:18:25","modified_gmt":"2020-06-03T17:18:25","slug":"ai","status":"publish","type":"page","link":"https:\/\/madeinyou.crm.habber.com\/pt\/soluciones\/ai\/","title":{"rendered":"AI"},"content":{"rendered":"<div class=\"wpb-content-wrapper\"><p>[vc_row css_animation=&#8221;&#8221; row_type=&#8221;row&#8221; use_row_as_full_screen_section=&#8221;no&#8221; type=&#8221;full_width&#8221; angled_section=&#8221;no&#8221; text_align=&#8221;left&#8221; background_image_as_pattern=&#8221;without_pattern&#8221;][vc_column][rev_slider_vc alias=&#8221;ai_PT&#8221;][\/vc_column][\/vc_row][vc_row css_animation=&#8221;&#8221; row_type=&#8221;row&#8221; use_row_as_full_screen_section=&#8221;no&#8221; type=&#8221;full_width&#8221; angled_section=&#8221;no&#8221; text_align=&#8221;left&#8221; background_image_as_pattern=&#8221;without_pattern&#8221; background_color=&#8221;#149193&#8243; padding_top=&#8221;40&#8243; padding_bottom=&#8221;40&#8243; z_index=&#8221;&#8221;][vc_column width=&#8221;1\/6&#8243;][\/vc_column][vc_column width=&#8221;2\/3&#8243;][vc_column_text]<\/p>\n<h4 style=\"text-align: center; color: white;\">Incorporamos uma gama de tecnologias <strong>para criar aplica\u00e7\u00f5es cognitivas de forma r\u00e1pida e segura<\/strong>. Fomos uma das primeiras empresas do mundo a certificar e implementar solu\u00e7\u00f5es baseadas em Watson, a plataforma pioneira de intelig\u00eancia artificial da IBM. As nossas solu\u00e7\u00f5es de AI permitem-nos reinventar empresas e transformar ind\u00fastrias.<\/h4>\n<p>[\/vc_column_text][\/vc_column][vc_column width=&#8221;1\/6&#8243;][\/vc_column][\/vc_row][vc_row css_animation=&#8221;&#8221; row_type=&#8221;row&#8221; use_row_as_full_screen_section=&#8221;no&#8221; type=&#8221;full_width&#8221; angled_section=&#8221;no&#8221; text_align=&#8221;left&#8221; background_image_as_pattern=&#8221;without_pattern&#8221; background_color=&#8221;#f2f2f2&#8243; padding_top=&#8221;50&#8243; padding_bottom=&#8221;50&#8243; z_index=&#8221;&#8221;][vc_column width=&#8221;1\/3&#8243;][\/vc_column][vc_column width=&#8221;1\/3&#8243;][vc_single_image image=&#8221;996&#8243; img_size=&#8221;full&#8221; alignment=&#8221;center&#8221; qode_css_animation=&#8221;&#8221; css=&#8221;.vc_custom_1586939930316{margin-right: 70px !important;margin-left: 70px !important;}&#8221;][\/vc_column][vc_column width=&#8221;1\/3&#8243;][\/vc_column][\/vc_row][vc_row css_animation=&#8221;&#8221; row_type=&#8221;row&#8221; use_row_as_full_screen_section=&#8221;no&#8221; type=&#8221;grid&#8221; angled_section=&#8221;no&#8221; text_align=&#8221;left&#8221; background_image_as_pattern=&#8221;without_pattern&#8221; padding_top=&#8221;20&#8243; padding_bottom=&#8221;60&#8243; z_index=&#8221;&#8221;][vc_column width=&#8221;1\/3&#8243;][vc_single_image image=&#8221;819&#8243; img_size=&#8221;100&#215;100&#8243; alignment=&#8221;center&#8221; qode_css_animation=&#8221;&#8221; css=&#8221;.vc_custom_1586939952966{padding-top: 15px !important;padding-bottom: 15px !important;}&#8221;][vc_column_text]<\/p>\n<h2 style=\"text-align: center; color: #149193;\">LEARNING<\/h2>\n<p>[\/vc_column_text][vc_column_text css=&#8221;.vc_custom_1589277459254{padding-top: 20px !important;}&#8221;]<\/p>\n<h5 style=\"text-align: left; color: #149193;\"><span class=\"d-none d-sm-block\">As nossas solu\u00e7\u00f5es de AI s\u00e3o capazes de aprendizagem autom\u00e1tica porque usamos aplica\u00e7\u00f5es t\u00e9cnicas como a Machine Learning, e a Deep Learning.<\/span><\/h5>\n<p>[\/vc_column_text][vc_separator type=&#8221;normal&#8221; color=&#8221;#149193&#8243; up=&#8221;20&#8243; down=&#8221;20&#8243;][vc_column_text]Uma das linhas de trabalho para incorporar a intelig\u00eancia artificial nos processos de neg\u00f3cio dos nossos clientes \u00e9 a aprendizagem de m\u00e1quinas. Com base na aplica\u00e7\u00e3o de t\u00e9cnicas como a <strong>Machine Learning<\/strong> e <strong>Deep Learning<\/strong>, as m\u00e1quinas aprendem sozinhas e adaptam-se a novos cen\u00e1rios sem a necessidade de programa\u00e7\u00e3o espec\u00edfica. Ou seja, as m\u00e1quinas aprendem com os c\u00e1lculos e dados anteriores para agir, tomar decis\u00f5es e obter resultados fi\u00e1veis para as novas informa\u00e7\u00f5es que s\u00e3o incorporadas no sistema a qualquer dada altura.[\/vc_column_text][\/vc_column][vc_column width=&#8221;1\/3&#8243;][vc_single_image image=&#8221;820&#8243; img_size=&#8221;100&#215;100&#8243; alignment=&#8221;center&#8221; qode_css_animation=&#8221;&#8221; css=&#8221;.vc_custom_1586939964039{padding-top: 15px !important;padding-bottom: 15px !important;}&#8221;][vc_column_text]<\/p>\n<h2 style=\"text-align: center; color: #149193;\">LANGUAGE<\/h2>\n<p>[\/vc_column_text][vc_column_text css=&#8221;.vc_custom_1589277465904{padding-top: 20px !important;}&#8221;]<\/p>\n<h5 style=\"text-align: left; color: #149193;\"><span class=\"d-none d-sm-block\">Utilizamos Natural Language Processing para facilitar a comunica\u00e7\u00e3o entre pessoas e m\u00e1quinas.<\/span><\/h5>\n<p>[\/vc_column_text][vc_separator type=&#8221;normal&#8221; color=&#8221;#149193&#8243; up=&#8221;20&#8243; down=&#8221;20&#8243;][vc_column_text]Os computadores s\u00e3o muito mais r\u00e1pidos do que os humanos a trabalhar com dados normalizados e estruturados, sejam tabelas de bases de dados ou registos financeiros. No entanto, t\u00eam problemas em trabalhar com <strong>dados n\u00e3o estruturados<\/strong>, que \u00e9 o que n\u00f3s, humanos, normalmente utilizamos quando comunicamos.<\/p>\n<p>O processamento da linguagem natural \u00e9 um campo de <strong>intelig\u00eancia artificial<\/strong> que confere aos sistemas cognitivos a capacidade de interpretar informa\u00e7\u00e3o semelhante \u00e0 utilizada pelos seres humanos, como texto, \u00e1udio, imagens e v\u00eddeo.<\/p>\n<p>Utilizamos <strong>Natural Language Processing<\/strong> para facilitar a comunica\u00e7\u00e3o entre pessoas e m\u00e1quinas nas solu\u00e7\u00f5es de neg\u00f3cio dos nossos clientes, tais como chatbots ou an\u00e1lise inteligente de conversas e textos.[\/vc_column_text][\/vc_column][vc_column width=&#8221;1\/3&#8243;][vc_single_image image=&#8221;821&#8243; img_size=&#8221;100&#215;100&#8243; alignment=&#8221;center&#8221; qode_css_animation=&#8221;&#8221; css=&#8221;.vc_custom_1586939974908{padding-top: 15px !important;padding-bottom: 15px !important;}&#8221;][vc_column_text]<\/p>\n<h2 style=\"text-align: center; color: #149193;\">ROBOTS<\/h2>\n<p>[\/vc_column_text][vc_column_text css=&#8221;.vc_custom_1589277471950{padding-top: 20px !important;}&#8221;]<\/p>\n<h5 style=\"text-align: left; color: #149193;\"><span class=\"d-none d-sm-block\">Criamos solu\u00e7\u00f5es integrais de automa\u00e7\u00e3o digital ligadas \u00e0 intelig\u00eancia artificial.<\/span><\/h5>\n<p>[\/vc_column_text][vc_separator type=&#8221;normal&#8221; color=&#8221;#149193&#8243; up=&#8221;20&#8243; down=&#8221;20&#8243;][vc_column_text]As tecnologias RPA est\u00e3o a passar de iniciativas isoladas de automa\u00e7\u00e3o centradas em tarefas simples e repetitivas para fazer parte de uma solu\u00e7\u00e3o abrangente de <strong>automa\u00e7\u00e3o digital<\/strong> ligada \u00e0 <strong>intelig\u00eancia artificial<\/strong> e \u00e0 experi\u00eancia do cliente. A nossa experi\u00eancia e metodologia de trabalho com IA e rob\u00f4s levou-nos a combinar a <strong>flexibilidade e efici\u00eancia<\/strong> das solu\u00e7\u00f5es de automa\u00e7\u00e3o com a perturba\u00e7\u00e3o de t\u00e9cnicas como o <strong>Processamento de Linguagem Natural,<\/strong> Reconhecimento de Imagem, Aprendizagem de M\u00e1quina ou tomada de decis\u00e3o inteligente, que se tornou a <strong>Automa\u00e7\u00e3o Inteligente de Processos (IPA)<\/strong>.<\/p>\n<p>As solu\u00e7\u00f5es Habber Tec IPA trazem \u00e0 automatiza\u00e7\u00e3o a intelig\u00eancia e o &#8220;toque humano&#8221; que limitam a aplicabilidade da RPA. <strong>Os rob\u00f4s inteligentes est\u00e3o aqui.<\/strong>[\/vc_column_text][\/vc_column][\/vc_row][vc_row css_animation=&#8221;&#8221; row_type=&#8221;row&#8221; use_row_as_full_screen_section=&#8221;no&#8221; type=&#8221;full_width&#8221; angled_section=&#8221;no&#8221; text_align=&#8221;left&#8221; background_image_as_pattern=&#8221;without_pattern&#8221; background_color=&#8221;#149193&#8243; padding_top=&#8221;40&#8243; padding_bottom=&#8221;40&#8243; z_index=&#8221;&#8221;][vc_column width=&#8221;1\/6&#8243;][\/vc_column][vc_column width=&#8221;2\/3&#8243;][vc_column_text css=&#8221;.vc_custom_1588321684341{padding-bottom: 15px !important;}&#8221;]<\/p>\n<h3 style=\"text-align: center; color: white;\">SOLU\u00c7\u00d5ES APLICADAS COM AI<\/h3>\n<p>[\/vc_column_text][vc_column_text css=&#8221;.vc_custom_1589277536186{padding-bottom: 15px !important;}&#8221;]<\/p>\n<h4 style=\"text-align: center; color: white;\">Desde as nossas origens, sempre nos empenh\u00e1mos na intelig\u00eancia artificial, <strong>utilizando diferentes tecnologias para desenvolver solu\u00e7\u00f5es inovadoras nesta \u00e1rea<\/strong>. Apresentamos-lhe algumas solu\u00e7\u00f5es que s\u00e3o as mais inovadoras desta tecnologia. podendo ser aplicadas a diferentes.<\/h4>\n<p>[\/vc_column_text][\/vc_column][vc_column width=&#8221;1\/6&#8243;][\/vc_column][\/vc_row][vc_row css_animation=&#8221;&#8221; row_type=&#8221;row&#8221; use_row_as_full_screen_section=&#8221;yes&#8221; type=&#8221;grid&#8221; angled_section=&#8221;no&#8221; text_align=&#8221;left&#8221; background_image_as_pattern=&#8221;without_pattern&#8221; background_color=&#8221;#f9f9f9&#8243; padding_top=&#8221;40&#8243; padding_bottom=&#8221;40&#8243; z_index=&#8221;&#8221;][vc_column]<div class='q_masonry_blog'><div class=\"q_masonry_blog_grid_sizer\"><\/div><div class=\"q_masonry_blog_grid_gutter\"><\/div><article  class='post-1221 post type-post status-publish format-standard has-post-thumbnail hentry category-ai '><div class=\"q_masonry_blog_post_image\"><a itemprop=\"url\" href=\"https:\/\/madeinyou.crm.habber.com\/pt\/ally-asistente-virtual-inmobiliario\/\" target=\"_self\"><img decoding=\"async\" itemprop=\"image\" src=\"https:\/\/madeinyou.crm.habber.com\/wp-content\/uploads\/2020\/04\/ALLY-01.jpg\" \/><\/a><\/div><div class=\"q_masonry_blog_post_text\"><h2 itemprop=\"name\" class=\"q_masonry_blog_title entry_title\"><a itemprop=\"url\" href=\"https:\/\/madeinyou.crm.habber.com\/pt\/ally-asistente-virtual-inmobiliario\/\">Ally, assistente imobili\u00e1rio virtual<\/a><\/h2><p itemprop=\"description\" class=\"q_masonry_blog_excerpt\">Descubra esta solu\u00e7\u00e3o de assistente de media\u00e7\u00e3o imobili\u00e1ria virtual que inclui aprendizagem, linguagem e robots &nbsp; Esta \u00e9 a Ally, a nossa assistente imobili\u00e1ria virtual. Foi formada e desen...<\/p><div class=\"q_masonry_blog_post_info\"><\/div><\/div><\/article><article  class='post-1219 post type-post status-publish format-standard has-post-thumbnail hentry category-ai '><div class=\"q_masonry_blog_post_image\"><a itemprop=\"url\" href=\"https:\/\/madeinyou.crm.habber.com\/pt\/demo-ally-inteligencia-artificial-de-watson\/\" target=\"_self\"><img decoding=\"async\" itemprop=\"image\" src=\"https:\/\/madeinyou.crm.habber.com\/wp-content\/uploads\/2020\/04\/Captura-de-pantalla-2020-04-17-a-las-17.21.43.png\" \/><\/a><\/div><div class=\"q_masonry_blog_post_text\"><h2 itemprop=\"name\" class=\"q_masonry_blog_title entry_title\"><a itemprop=\"url\" href=\"https:\/\/madeinyou.crm.habber.com\/pt\/demo-ally-inteligencia-artificial-de-watson\/\">As 4 formas de aplica\u00e7\u00e3o de AI nas empresas<\/a><\/h2><p itemprop=\"description\" class=\"q_masonry_blog_excerpt\">As 4 formas de aplica\u00e7\u00e3o de AI nas empresas Por Fernando Arencibia Ouvimos constantemente que a intelig\u00eancia artificial pode melhorar os processos de neg\u00f3cio nas empresas. Mas ser\u00e1 que sabemos re...<\/p><div class=\"q_masonry_blog_post_info\"><\/div><\/div><\/article><\/div>[\/vc_column][\/vc_row]<\/p>\n<\/div>","protected":false},"excerpt":{"rendered":"<p>[vc_row css_animation=&#8221;&#8221; row_type=&#8221;row&#8221; use_row_as_full_screen_section=&#8221;no&#8221; type=&#8221;full_width&#8221; angled_section=&#8221;no&#8221; text_align=&#8221;left&#8221; background_image_as_pattern=&#8221;without_pattern&#8221;][vc_column][rev_slider_vc alias=&#8221;ai_PT&#8221;][\/vc_column][\/vc_row][vc_row css_animation=&#8221;&#8221; row_type=&#8221;row&#8221; use_row_as_full_screen_section=&#8221;no&#8221; type=&#8221;full_width&#8221; angled_section=&#8221;no&#8221; text_align=&#8221;left&#8221; background_image_as_pattern=&#8221;without_pattern&#8221; background_color=&#8221;#149193&#8243; padding_top=&#8221;40&#8243; padding_bottom=&#8221;40&#8243; z_index=&#8221;&#8221;][vc_column width=&#8221;1\/6&#8243;][\/vc_column][vc_column width=&#8221;2\/3&#8243;][vc_column_text] Incorporamos uma gama de tecnologias para criar aplica\u00e7\u00f5es cognitivas de forma r\u00e1pida e segura. Fomos uma das primeiras empresas do mundo a certificar&#8230;<\/p>\n","protected":false},"author":1,"featured_media":0,"parent":517,"menu_order":3,"comment_status":"closed","ping_status":"closed","template":"full_width.php","meta":{"footnotes":""},"class_list":["post-787","page","type-page","status-publish","hentry"],"yoast_head":"<!-- This site is optimized with the Yoast SEO plugin v26.9 - https:\/\/yoast.com\/product\/yoast-seo-wordpress\/ -->\n<title>AI - Habber Tec<\/title>\n<meta name=\"robots\" content=\"index, follow, max-snippet:-1, max-image-preview:large, max-video-preview:-1\" \/>\n<link rel=\"canonical\" href=\"https:\/\/madeinyou.crm.habber.com\/soluciones\/ai\/\" \/>\n<meta property=\"og:locale\" content=\"pt_PT\" \/>\n<meta property=\"og:type\" content=\"article\" \/>\n<meta property=\"og:title\" content=\"AI - Habber Tec\" \/>\n<meta property=\"og:description\" content=\"[vc_row css_animation=&#8221;&#8221; row_type=&#8221;row&#8221; use_row_as_full_screen_section=&#8221;no&#8221; type=&#8221;full_width&#8221; angled_section=&#8221;no&#8221; text_align=&#8221;left&#8221; background_image_as_pattern=&#8221;without_pattern&#8221;][vc_column][rev_slider_vc alias=&#8221;ai_PT&#8221;][\/vc_column][\/vc_row][vc_row css_animation=&#8221;&#8221; row_type=&#8221;row&#8221; use_row_as_full_screen_section=&#8221;no&#8221; type=&#8221;full_width&#8221; angled_section=&#8221;no&#8221; text_align=&#8221;left&#8221; background_image_as_pattern=&#8221;without_pattern&#8221; background_color=&#8221;#149193&#8243; padding_top=&#8221;40&#8243; padding_bottom=&#8221;40&#8243; z_index=&#8221;&#8221;][vc_column width=&#8221;1\/6&#8243;][\/vc_column][vc_column width=&#8221;2\/3&#8243;][vc_column_text] Incorporamos uma gama de tecnologias para criar aplica\u00e7\u00f5es cognitivas de forma r\u00e1pida e segura. Fomos uma das primeiras empresas do mundo a certificar...\" \/>\n<meta property=\"og:url\" content=\"https:\/\/madeinyou.crm.habber.com\/soluciones\/ai\/\" \/>\n<meta property=\"og:site_name\" content=\"Habber Tec\" \/>\n<meta property=\"article:modified_time\" content=\"2020-06-03T17:18:25+00:00\" \/>\n<meta name=\"twitter:card\" content=\"summary_large_image\" \/>\n<meta name=\"twitter:label1\" content=\"Tempo estimado de leitura\" \/>\n\t<meta name=\"twitter:data1\" content=\"5 minutos\" \/>\n<script type=\"application\/ld+json\" class=\"yoast-schema-graph\">{\"@context\":\"https:\/\/schema.org\",\"@graph\":[{\"@type\":\"WebPage\",\"@id\":\"https:\/\/madeinyou.crm.habber.com\/soluciones\/ai\/\",\"url\":\"https:\/\/madeinyou.crm.habber.com\/soluciones\/ai\/\",\"name\":\"AI - Habber Tec\",\"isPartOf\":{\"@id\":\"https:\/\/madeinyou.crm.habber.com\/#website\"},\"datePublished\":\"2020-04-12T18:00:19+00:00\",\"dateModified\":\"2020-06-03T17:18:25+00:00\",\"breadcrumb\":{\"@id\":\"https:\/\/madeinyou.crm.habber.com\/soluciones\/ai\/#breadcrumb\"},\"inLanguage\":\"pt-PT\",\"potentialAction\":[{\"@type\":\"ReadAction\",\"target\":[\"https:\/\/madeinyou.crm.habber.com\/soluciones\/ai\/\"]}]},{\"@type\":\"BreadcrumbList\",\"@id\":\"https:\/\/madeinyou.crm.habber.com\/soluciones\/ai\/#breadcrumb\",\"itemListElement\":[{\"@type\":\"ListItem\",\"position\":1,\"name\":\"Portada\",\"item\":\"https:\/\/madeinyou.crm.habber.com\/\"},{\"@type\":\"ListItem\",\"position\":2,\"name\":\"SOLUCIONES\",\"item\":\"https:\/\/madeinyou.crm.habber.com\/soluciones\/\"},{\"@type\":\"ListItem\",\"position\":3,\"name\":\"AI\"}]},{\"@type\":\"WebSite\",\"@id\":\"https:\/\/madeinyou.crm.habber.com\/#website\",\"url\":\"https:\/\/madeinyou.crm.habber.com\/\",\"name\":\"Habber Tec\",\"description\":\"Spirit of innovation\",\"potentialAction\":[{\"@type\":\"SearchAction\",\"target\":{\"@type\":\"EntryPoint\",\"urlTemplate\":\"https:\/\/madeinyou.crm.habber.com\/?s={search_term_string}\"},\"query-input\":{\"@type\":\"PropertyValueSpecification\",\"valueRequired\":true,\"valueName\":\"search_term_string\"}}],\"inLanguage\":\"pt-PT\"}]}<\/script>\n<!-- \/ Yoast SEO plugin. -->","yoast_head_json":{"title":"AI - Habber Tec","robots":{"index":"index","follow":"follow","max-snippet":"max-snippet:-1","max-image-preview":"max-image-preview:large","max-video-preview":"max-video-preview:-1"},"canonical":"https:\/\/madeinyou.crm.habber.com\/soluciones\/ai\/","og_locale":"pt_PT","og_type":"article","og_title":"AI - Habber Tec","og_description":"[vc_row css_animation=&#8221;&#8221; row_type=&#8221;row&#8221; use_row_as_full_screen_section=&#8221;no&#8221; type=&#8221;full_width&#8221; angled_section=&#8221;no&#8221; text_align=&#8221;left&#8221; background_image_as_pattern=&#8221;without_pattern&#8221;][vc_column][rev_slider_vc alias=&#8221;ai_PT&#8221;][\/vc_column][\/vc_row][vc_row css_animation=&#8221;&#8221; row_type=&#8221;row&#8221; use_row_as_full_screen_section=&#8221;no&#8221; type=&#8221;full_width&#8221; angled_section=&#8221;no&#8221; text_align=&#8221;left&#8221; background_image_as_pattern=&#8221;without_pattern&#8221; background_color=&#8221;#149193&#8243; padding_top=&#8221;40&#8243; padding_bottom=&#8221;40&#8243; z_index=&#8221;&#8221;][vc_column width=&#8221;1\/6&#8243;][\/vc_column][vc_column width=&#8221;2\/3&#8243;][vc_column_text] Incorporamos uma gama de tecnologias para criar aplica\u00e7\u00f5es cognitivas de forma r\u00e1pida e segura. Fomos uma das primeiras empresas do mundo a certificar...","og_url":"https:\/\/madeinyou.crm.habber.com\/soluciones\/ai\/","og_site_name":"Habber Tec","article_modified_time":"2020-06-03T17:18:25+00:00","twitter_card":"summary_large_image","twitter_misc":{"Tempo estimado de leitura":"5 minutos"},"schema":{"@context":"https:\/\/schema.org","@graph":[{"@type":"WebPage","@id":"https:\/\/madeinyou.crm.habber.com\/soluciones\/ai\/","url":"https:\/\/madeinyou.crm.habber.com\/soluciones\/ai\/","name":"AI - Habber Tec","isPartOf":{"@id":"https:\/\/madeinyou.crm.habber.com\/#website"},"datePublished":"2020-04-12T18:00:19+00:00","dateModified":"2020-06-03T17:18:25+00:00","breadcrumb":{"@id":"https:\/\/madeinyou.crm.habber.com\/soluciones\/ai\/#breadcrumb"},"inLanguage":"pt-PT","potentialAction":[{"@type":"ReadAction","target":["https:\/\/madeinyou.crm.habber.com\/soluciones\/ai\/"]}]},{"@type":"BreadcrumbList","@id":"https:\/\/madeinyou.crm.habber.com\/soluciones\/ai\/#breadcrumb","itemListElement":[{"@type":"ListItem","position":1,"name":"Portada","item":"https:\/\/madeinyou.crm.habber.com\/"},{"@type":"ListItem","position":2,"name":"SOLUCIONES","item":"https:\/\/madeinyou.crm.habber.com\/soluciones\/"},{"@type":"ListItem","position":3,"name":"AI"}]},{"@type":"WebSite","@id":"https:\/\/madeinyou.crm.habber.com\/#website","url":"https:\/\/madeinyou.crm.habber.com\/","name":"Habber Tec","description":"Spirit of innovation","potentialAction":[{"@type":"SearchAction","target":{"@type":"EntryPoint","urlTemplate":"https:\/\/madeinyou.crm.habber.com\/?s={search_term_string}"},"query-input":{"@type":"PropertyValueSpecification","valueRequired":true,"valueName":"search_term_string"}}],"inLanguage":"pt-PT"}]}},"_links":{"self":[{"href":"https:\/\/madeinyou.crm.habber.com\/pt\/wp-json\/wp\/v2\/pages\/787","targetHints":{"allow":["GET"]}}],"collection":[{"href":"https:\/\/madeinyou.crm.habber.com\/pt\/wp-json\/wp\/v2\/pages"}],"about":[{"href":"https:\/\/madeinyou.crm.habber.com\/pt\/wp-json\/wp\/v2\/types\/page"}],"author":[{"embeddable":true,"href":"https:\/\/madeinyou.crm.habber.com\/pt\/wp-json\/wp\/v2\/users\/1"}],"replies":[{"embeddable":true,"href":"https:\/\/madeinyou.crm.habber.com\/pt\/wp-json\/wp\/v2\/comments?post=787"}],"version-history":[{"count":44,"href":"https:\/\/madeinyou.crm.habber.com\/pt\/wp-json\/wp\/v2\/pages\/787\/revisions"}],"predecessor-version":[{"id":1758,"href":"https:\/\/madeinyou.crm.habber.com\/pt\/wp-json\/wp\/v2\/pages\/787\/revisions\/1758"}],"up":[{"embeddable":true,"href":"https:\/\/madeinyou.crm.habber.com\/pt\/wp-json\/wp\/v2\/pages\/517"}],"wp:attachment":[{"href":"https:\/\/madeinyou.crm.habber.com\/pt\/wp-json\/wp\/v2\/media?parent=787"}],"curies":[{"name":"wp","href":"https:\/\/api.w.org\/{rel}","templated":true}]}}