{"id":792,"date":"2020-04-12T18:03:08","date_gmt":"2020-04-12T18:03:08","guid":{"rendered":"https:\/\/madeinyou.crm.habber.com\/?page_id=792"},"modified":"2020-06-03T17:28:47","modified_gmt":"2020-06-03T17:28:47","slug":"cloud","status":"publish","type":"page","link":"https:\/\/madeinyou.crm.habber.com\/pt\/soluciones\/cloud\/","title":{"rendered":"CLOUD"},"content":{"rendered":"<div class=\"wpb-content-wrapper\"><p>[vc_row css_animation=&#8221;&#8221; row_type=&#8221;row&#8221; use_row_as_full_screen_section=&#8221;no&#8221; type=&#8221;full_width&#8221; angled_section=&#8221;no&#8221; text_align=&#8221;left&#8221; background_image_as_pattern=&#8221;without_pattern&#8221;][vc_column][rev_slider_vc alias=&#8221;cloud_PT&#8221;][\/vc_column][\/vc_row][vc_row css_animation=&#8221;&#8221; row_type=&#8221;row&#8221; use_row_as_full_screen_section=&#8221;no&#8221; type=&#8221;full_width&#8221; angled_section=&#8221;no&#8221; text_align=&#8221;left&#8221; background_image_as_pattern=&#8221;without_pattern&#8221; background_color=&#8221;#006a7d&#8221; padding_top=&#8221;40&#8243; padding_bottom=&#8221;40&#8243; z_index=&#8221;&#8221;][vc_column width=&#8221;1\/6&#8243;][\/vc_column][vc_column width=&#8221;2\/3&#8243;][vc_column_text]<\/p>\n<h4 style=\"text-align: center; color: white;\">A nossa estrat\u00e9gia na Cloud envolve um compromisso com <strong>arquitecturas h\u00edbridas multi-cloud baseadas em plataformas abertas que permitem a incorpora\u00e7\u00e3o de novas tecnologias de forma \u00e1gil com um baixo custo<\/strong> de entrada, adaptadas ao crescimento de cada empresa, atrav\u00e9s de modelos como o pay-per-use e a extens\u00e3o de funcionalidades a pedido. Apresentamos os nossos factores chave do modelo de neg\u00f3cio baseado na cloud.<\/h4>\n<p>[\/vc_column_text][\/vc_column][vc_column width=&#8221;1\/6&#8243;][\/vc_column][\/vc_row][vc_row css_animation=&#8221;&#8221; row_type=&#8221;row&#8221; use_row_as_full_screen_section=&#8221;yes&#8221; type=&#8221;full_width&#8221; angled_section=&#8221;no&#8221; text_align=&#8221;left&#8221; background_image_as_pattern=&#8221;without_pattern&#8221; background_color=&#8221;#f2f2f2&#8243; padding_top=&#8221;50&#8243; padding_bottom=&#8221;50&#8243; z_index=&#8221;&#8221;][vc_column width=&#8221;1\/3&#8243;][\/vc_column][vc_column width=&#8221;1\/3&#8243;][vc_single_image image=&#8221;997&#8243; img_size=&#8221;full&#8221; alignment=&#8221;center&#8221; qode_css_animation=&#8221;&#8221; css=&#8221;.vc_custom_1586945380686{margin-right: 70px !important;margin-left: 70px !important;}&#8221;][\/vc_column][vc_column width=&#8221;1\/3&#8243;][\/vc_column][\/vc_row][vc_row css_animation=&#8221;&#8221; row_type=&#8221;row&#8221; use_row_as_full_screen_section=&#8221;no&#8221; type=&#8221;grid&#8221; angled_section=&#8221;no&#8221; text_align=&#8221;left&#8221; background_image_as_pattern=&#8221;without_pattern&#8221; padding_top=&#8221;20&#8243; padding_bottom=&#8221;60&#8243; z_index=&#8221;&#8221;][vc_column width=&#8221;1\/3&#8243;][vc_single_image image=&#8221;823&#8243; img_size=&#8221;100&#215;100&#8243; alignment=&#8221;center&#8221; qode_css_animation=&#8221;&#8221; css=&#8221;.vc_custom_1586945194835{padding-top: 15px !important;padding-bottom: 15px !important;}&#8221;][vc_column_text]<\/p>\n<h2 style=\"text-align: center; color: #006a7d;\">COMPLIANCE<\/h2>\n<p>[\/vc_column_text][vc_column_text css=&#8221;.vc_custom_1589277869185{padding-top: 20px !important;}&#8221;]<\/p>\n<h5 style=\"text-align: left; color: #006a7d;\">Novo paradigma de solu\u00e7\u00f5es em seguran\u00e7a.<\/h5>\n<p>[\/vc_column_text][vc_separator type=&#8221;normal&#8221; color=&#8221;#1eacb4&#8243; up=&#8221;20&#8243; down=&#8221;20&#8243;][vc_column_text]Ter o seu neg\u00f3cio na Cloud permite-lhe <strong>obter os mais elevados padr\u00f5es de seguran\u00e7a<\/strong>, conformidade regulamentar e desempenho garantidos por acordos de n\u00edvel de servi\u00e7o (SLAs). Uma forma de trabalhar sem falhas de seguran\u00e7a.[\/vc_column_text][\/vc_column][vc_column width=&#8221;1\/3&#8243;][vc_single_image image=&#8221;824&#8243; img_size=&#8221;100&#215;100&#8243; alignment=&#8221;center&#8221; qode_css_animation=&#8221;&#8221; css=&#8221;.vc_custom_1586945202577{padding-top: 15px !important;padding-bottom: 15px !important;}&#8221;][vc_column_text]<\/p>\n<h2 style=\"text-align: center; color: #006a7d;\">AGILITY<\/h2>\n<p>[\/vc_column_text][vc_column_text css=&#8221;.vc_custom_1589277878363{padding-top: 20px !important;}&#8221;]<\/p>\n<h5 style=\"text-align: left; color: #006a7d;\">Outsourcing da complexidade do planeamento e gest\u00e3o.<\/h5>\n<p>[\/vc_column_text][vc_separator type=&#8221;normal&#8221; color=&#8221;#1eacb4&#8243; up=&#8221;20&#8243; down=&#8221;20&#8243;][vc_column_text]A nuvem permite \u00e0s organiza\u00e7\u00f5es ganhar a velocidade necess\u00e1ria nesta era digital, aumentando tamb\u00e9m a flexibilidade e o tempo de coloca\u00e7\u00e3o no mercado, externalizando a complexidade do planeamento e da gest\u00e3o da infra-estrutura inform\u00e1tica que n\u00e3o confere valor directo ao neg\u00f3cio para plataformas como a Docker e\/ou a Kubernetes.[\/vc_column_text][\/vc_column][vc_column width=&#8221;1\/3&#8243;][vc_single_image image=&#8221;825&#8243; img_size=&#8221;100&#215;100&#8243; alignment=&#8221;center&#8221; qode_css_animation=&#8221;&#8221; css=&#8221;.vc_custom_1586945210011{padding-top: 15px !important;padding-bottom: 15px !important;}&#8221;][vc_column_text]<\/p>\n<h2 style=\"text-align: center; color: #006a7d;\">ECONOMY<\/h2>\n<p>[\/vc_column_text][vc_column_text css=&#8221;.vc_custom_1589277886970{padding-top: 20px !important;}&#8221;]<\/p>\n<h5 style=\"text-align: left; color: #006a7d;\">Acesso a tecnologias de \u00faltima gera\u00e7\u00e3o.<\/h5>\n<p>[\/vc_column_text][vc_separator type=&#8221;normal&#8221; color=&#8221;#1eacb4&#8243; up=&#8221;20&#8243; down=&#8221;20&#8243;][vc_column_text]Os nossos servi\u00e7os em Cloud permitem que os nossos clientes tenham acesso \u00e0s mais recentes tecnologias por pay-per-use, transformando <span class=\"d-none d-sm-block\"><a href=\"https:\/\/es.wikipedia.org\/wiki\/Capex\" target=\"_blank\" rel=\"noopener noreferrer\"><strong>CAPEX<\/strong><\/a> <\/span> em <span class=\"d-none d-sm-block\"><a href=\"https:\/\/es.wikipedia.org\/wiki\/Opex\" target=\"_blank\" rel=\"noopener noreferrer\"><strong>OPEX<\/strong><\/a><\/span>, evitando grandes investimentos sem amortiza\u00e7\u00e3o. <strong>As nossas solu\u00e7\u00f5es podem ser realizadas em cloud p\u00fablica, privada ou h\u00edbrida<\/strong>: o que melhor se adaptar \u00e0s necessidades e modelos de neg\u00f3cio de cada empresa.<\/p>\n<p><span class=\"d-none d-sm-block\">\u00a0<\/span>[\/vc_column_text][\/vc_column][\/vc_row]<\/p>\n<\/div>","protected":false},"excerpt":{"rendered":"<p>[vc_row css_animation=&#8221;&#8221; row_type=&#8221;row&#8221; use_row_as_full_screen_section=&#8221;no&#8221; type=&#8221;full_width&#8221; angled_section=&#8221;no&#8221; text_align=&#8221;left&#8221; background_image_as_pattern=&#8221;without_pattern&#8221;][vc_column][rev_slider_vc alias=&#8221;cloud_PT&#8221;][\/vc_column][\/vc_row][vc_row css_animation=&#8221;&#8221; row_type=&#8221;row&#8221; use_row_as_full_screen_section=&#8221;no&#8221; type=&#8221;full_width&#8221; angled_section=&#8221;no&#8221; text_align=&#8221;left&#8221; background_image_as_pattern=&#8221;without_pattern&#8221; background_color=&#8221;#006a7d&#8221; padding_top=&#8221;40&#8243; padding_bottom=&#8221;40&#8243; z_index=&#8221;&#8221;][vc_column width=&#8221;1\/6&#8243;][\/vc_column][vc_column width=&#8221;2\/3&#8243;][vc_column_text] A nossa estrat\u00e9gia na Cloud envolve um compromisso com arquitecturas h\u00edbridas multi-cloud baseadas em plataformas abertas que permitem a incorpora\u00e7\u00e3o de novas tecnologias&#8230;<\/p>\n","protected":false},"author":1,"featured_media":0,"parent":517,"menu_order":4,"comment_status":"closed","ping_status":"closed","template":"full_width.php","meta":{"footnotes":""},"class_list":["post-792","page","type-page","status-publish","hentry"],"yoast_head":"<!-- This site is optimized with the Yoast SEO plugin v26.9 - https:\/\/yoast.com\/product\/yoast-seo-wordpress\/ -->\n<title>CLOUD - Habber Tec<\/title>\n<meta name=\"robots\" content=\"index, follow, max-snippet:-1, max-image-preview:large, max-video-preview:-1\" \/>\n<link rel=\"canonical\" href=\"https:\/\/madeinyou.crm.habber.com\/soluciones\/cloud\/\" \/>\n<meta property=\"og:locale\" content=\"pt_PT\" \/>\n<meta property=\"og:type\" content=\"article\" \/>\n<meta property=\"og:title\" content=\"CLOUD - Habber Tec\" \/>\n<meta property=\"og:description\" content=\"[vc_row css_animation=&#8221;&#8221; row_type=&#8221;row&#8221; use_row_as_full_screen_section=&#8221;no&#8221; type=&#8221;full_width&#8221; angled_section=&#8221;no&#8221; text_align=&#8221;left&#8221; background_image_as_pattern=&#8221;without_pattern&#8221;][vc_column][rev_slider_vc alias=&#8221;cloud_PT&#8221;][\/vc_column][\/vc_row][vc_row css_animation=&#8221;&#8221; row_type=&#8221;row&#8221; use_row_as_full_screen_section=&#8221;no&#8221; type=&#8221;full_width&#8221; angled_section=&#8221;no&#8221; text_align=&#8221;left&#8221; background_image_as_pattern=&#8221;without_pattern&#8221; background_color=&#8221;#006a7d&#8221; padding_top=&#8221;40&#8243; padding_bottom=&#8221;40&#8243; z_index=&#8221;&#8221;][vc_column width=&#8221;1\/6&#8243;][\/vc_column][vc_column width=&#8221;2\/3&#8243;][vc_column_text] A nossa estrat\u00e9gia na Cloud envolve um compromisso com arquitecturas h\u00edbridas multi-cloud baseadas em plataformas abertas que permitem a incorpora\u00e7\u00e3o de novas tecnologias...\" \/>\n<meta property=\"og:url\" content=\"https:\/\/madeinyou.crm.habber.com\/soluciones\/cloud\/\" \/>\n<meta property=\"og:site_name\" content=\"Habber Tec\" \/>\n<meta property=\"article:modified_time\" content=\"2020-06-03T17:28:47+00:00\" \/>\n<meta name=\"twitter:card\" content=\"summary_large_image\" \/>\n<meta name=\"twitter:label1\" content=\"Tempo estimado de leitura\" \/>\n\t<meta name=\"twitter:data1\" content=\"3 minutos\" \/>\n<script type=\"application\/ld+json\" class=\"yoast-schema-graph\">{\"@context\":\"https:\/\/schema.org\",\"@graph\":[{\"@type\":\"WebPage\",\"@id\":\"https:\/\/madeinyou.crm.habber.com\/soluciones\/cloud\/\",\"url\":\"https:\/\/madeinyou.crm.habber.com\/soluciones\/cloud\/\",\"name\":\"CLOUD - Habber Tec\",\"isPartOf\":{\"@id\":\"https:\/\/madeinyou.crm.habber.com\/#website\"},\"datePublished\":\"2020-04-12T18:03:08+00:00\",\"dateModified\":\"2020-06-03T17:28:47+00:00\",\"breadcrumb\":{\"@id\":\"https:\/\/madeinyou.crm.habber.com\/soluciones\/cloud\/#breadcrumb\"},\"inLanguage\":\"pt-PT\",\"potentialAction\":[{\"@type\":\"ReadAction\",\"target\":[\"https:\/\/madeinyou.crm.habber.com\/soluciones\/cloud\/\"]}]},{\"@type\":\"BreadcrumbList\",\"@id\":\"https:\/\/madeinyou.crm.habber.com\/soluciones\/cloud\/#breadcrumb\",\"itemListElement\":[{\"@type\":\"ListItem\",\"position\":1,\"name\":\"Portada\",\"item\":\"https:\/\/madeinyou.crm.habber.com\/\"},{\"@type\":\"ListItem\",\"position\":2,\"name\":\"SOLUCIONES\",\"item\":\"https:\/\/madeinyou.crm.habber.com\/soluciones\/\"},{\"@type\":\"ListItem\",\"position\":3,\"name\":\"CLOUD\"}]},{\"@type\":\"WebSite\",\"@id\":\"https:\/\/madeinyou.crm.habber.com\/#website\",\"url\":\"https:\/\/madeinyou.crm.habber.com\/\",\"name\":\"Habber Tec\",\"description\":\"Spirit of innovation\",\"potentialAction\":[{\"@type\":\"SearchAction\",\"target\":{\"@type\":\"EntryPoint\",\"urlTemplate\":\"https:\/\/madeinyou.crm.habber.com\/?s={search_term_string}\"},\"query-input\":{\"@type\":\"PropertyValueSpecification\",\"valueRequired\":true,\"valueName\":\"search_term_string\"}}],\"inLanguage\":\"pt-PT\"}]}<\/script>\n<!-- \/ Yoast SEO plugin. -->","yoast_head_json":{"title":"CLOUD - Habber Tec","robots":{"index":"index","follow":"follow","max-snippet":"max-snippet:-1","max-image-preview":"max-image-preview:large","max-video-preview":"max-video-preview:-1"},"canonical":"https:\/\/madeinyou.crm.habber.com\/soluciones\/cloud\/","og_locale":"pt_PT","og_type":"article","og_title":"CLOUD - Habber Tec","og_description":"[vc_row css_animation=&#8221;&#8221; row_type=&#8221;row&#8221; use_row_as_full_screen_section=&#8221;no&#8221; type=&#8221;full_width&#8221; angled_section=&#8221;no&#8221; text_align=&#8221;left&#8221; background_image_as_pattern=&#8221;without_pattern&#8221;][vc_column][rev_slider_vc alias=&#8221;cloud_PT&#8221;][\/vc_column][\/vc_row][vc_row css_animation=&#8221;&#8221; row_type=&#8221;row&#8221; use_row_as_full_screen_section=&#8221;no&#8221; type=&#8221;full_width&#8221; angled_section=&#8221;no&#8221; text_align=&#8221;left&#8221; background_image_as_pattern=&#8221;without_pattern&#8221; background_color=&#8221;#006a7d&#8221; padding_top=&#8221;40&#8243; padding_bottom=&#8221;40&#8243; z_index=&#8221;&#8221;][vc_column width=&#8221;1\/6&#8243;][\/vc_column][vc_column width=&#8221;2\/3&#8243;][vc_column_text] A nossa estrat\u00e9gia na Cloud envolve um compromisso com arquitecturas h\u00edbridas multi-cloud baseadas em plataformas abertas que permitem a incorpora\u00e7\u00e3o de novas tecnologias...","og_url":"https:\/\/madeinyou.crm.habber.com\/soluciones\/cloud\/","og_site_name":"Habber Tec","article_modified_time":"2020-06-03T17:28:47+00:00","twitter_card":"summary_large_image","twitter_misc":{"Tempo estimado de leitura":"3 minutos"},"schema":{"@context":"https:\/\/schema.org","@graph":[{"@type":"WebPage","@id":"https:\/\/madeinyou.crm.habber.com\/soluciones\/cloud\/","url":"https:\/\/madeinyou.crm.habber.com\/soluciones\/cloud\/","name":"CLOUD - Habber Tec","isPartOf":{"@id":"https:\/\/madeinyou.crm.habber.com\/#website"},"datePublished":"2020-04-12T18:03:08+00:00","dateModified":"2020-06-03T17:28:47+00:00","breadcrumb":{"@id":"https:\/\/madeinyou.crm.habber.com\/soluciones\/cloud\/#breadcrumb"},"inLanguage":"pt-PT","potentialAction":[{"@type":"ReadAction","target":["https:\/\/madeinyou.crm.habber.com\/soluciones\/cloud\/"]}]},{"@type":"BreadcrumbList","@id":"https:\/\/madeinyou.crm.habber.com\/soluciones\/cloud\/#breadcrumb","itemListElement":[{"@type":"ListItem","position":1,"name":"Portada","item":"https:\/\/madeinyou.crm.habber.com\/"},{"@type":"ListItem","position":2,"name":"SOLUCIONES","item":"https:\/\/madeinyou.crm.habber.com\/soluciones\/"},{"@type":"ListItem","position":3,"name":"CLOUD"}]},{"@type":"WebSite","@id":"https:\/\/madeinyou.crm.habber.com\/#website","url":"https:\/\/madeinyou.crm.habber.com\/","name":"Habber Tec","description":"Spirit of innovation","potentialAction":[{"@type":"SearchAction","target":{"@type":"EntryPoint","urlTemplate":"https:\/\/madeinyou.crm.habber.com\/?s={search_term_string}"},"query-input":{"@type":"PropertyValueSpecification","valueRequired":true,"valueName":"search_term_string"}}],"inLanguage":"pt-PT"}]}},"_links":{"self":[{"href":"https:\/\/madeinyou.crm.habber.com\/pt\/wp-json\/wp\/v2\/pages\/792","targetHints":{"allow":["GET"]}}],"collection":[{"href":"https:\/\/madeinyou.crm.habber.com\/pt\/wp-json\/wp\/v2\/pages"}],"about":[{"href":"https:\/\/madeinyou.crm.habber.com\/pt\/wp-json\/wp\/v2\/types\/page"}],"author":[{"embeddable":true,"href":"https:\/\/madeinyou.crm.habber.com\/pt\/wp-json\/wp\/v2\/users\/1"}],"replies":[{"embeddable":true,"href":"https:\/\/madeinyou.crm.habber.com\/pt\/wp-json\/wp\/v2\/comments?post=792"}],"version-history":[{"count":10,"href":"https:\/\/madeinyou.crm.habber.com\/pt\/wp-json\/wp\/v2\/pages\/792\/revisions"}],"predecessor-version":[{"id":1759,"href":"https:\/\/madeinyou.crm.habber.com\/pt\/wp-json\/wp\/v2\/pages\/792\/revisions\/1759"}],"up":[{"embeddable":true,"href":"https:\/\/madeinyou.crm.habber.com\/pt\/wp-json\/wp\/v2\/pages\/517"}],"wp:attachment":[{"href":"https:\/\/madeinyou.crm.habber.com\/pt\/wp-json\/wp\/v2\/media?parent=792"}],"curies":[{"name":"wp","href":"https:\/\/api.w.org\/{rel}","templated":true}]}}